{"id":673,"date":"2024-06-21T05:43:43","date_gmt":"2024-06-21T05:43:43","guid":{"rendered":"https:\/\/tricountry.tecsomx.com\/?page_id=673"},"modified":"2024-06-21T05:44:09","modified_gmt":"2024-06-21T05:44:09","slug":"contact-us","status":"publish","type":"page","link":"https:\/\/tricountry.tecsomx.com\/es\/contact-us\/","title":{"rendered":"Cont\u00e1ctanos"},"content":{"rendered":"<section class=\"section\" id=\"section_1369938001\">\n\t\t<div class=\"bg section-bg fill bg-fill bg-loaded\" >\n\n\t\t\t\n\t\t\t\n\t\t\t\n\n\t\t<\/div>\n\n\t\t\n\n\t\t<div class=\"section-content relative\">\n\t\t\t\n\n\t<div id=\"gap-1426721096\" class=\"gap-element clearfix\" style=\"display:block; height:auto;\">\n\t\t\n<style>\n#gap-1426721096 {\n  padding-top: 100px;\n}\n<\/style>\n\t<\/div>\n\t\n\n<div class=\"row align-center\"  id=\"row-1971220817\">\n\n\n\t<div id=\"col-2108757240\" class=\"col medium-10 small-12 large-10\"  >\n\t\t\t\t<div class=\"col-inner text-center\"  >\n\t\t\t\n\t\t\t\n\n<span class=\"scroll-to\" data-label=\"Scroll to: #linkme\" data-bullet=\"false\" data-link=\"#linkme\" data-title=\"GetinT\" ><a name=\"linkme\"><\/a><\/span>\n\n\t<div id=\"text-418537233\" class=\"text\">\n\t\t\n\n<p><span class=\"blueSpan\">CONT\u00c1CTANOS<\/span><\/p>\n<h1 class=\"titH1\">Ponte en Contacto con Nosotros<\/h1>\n<p class=\"descT\">Si tienes alguna pregunta sobre nuestros servicios, puedes contactarnos por tel\u00e9fono o completando el formulario a continuaci\u00f3n. Por favor, proporciona suficiente informaci\u00f3n para que podamos comunicarnos contigo de la manera m\u00e1s efectiva. Agradecemos tu inter\u00e9s y estamos ansiosos por saber de ti. \u00a1Adem\u00e1s, todas las evaluaciones para tu hijo son completamente gratuitas!<\/p>\n\t\t\n<style>\n#text-418537233 {\n  font-size: 1.15rem;\n}\n<\/style>\n\t<\/div>\n\t\n<div class=\"row\"  id=\"row-906296179\">\n\n\n\t<div id=\"col-941779167\" class=\"col small-12 large-12\"  >\n\t\t\t\t<div class=\"col-inner text-left\"  >\n\t\t\t\n\t\t\t\n\n\n\n<div class=\"wpforms-container wpforms-container-full wpforms-render-modern\" id=\"wpforms-168\"><form id=\"wpforms-form-168\" class=\"wpforms-validate wpforms-form wpforms-ajax-form\" data-formid=\"168\" method=\"post\" enctype=\"multipart\/form-data\" action=\"\/es\/wp-json\/wp\/v2\/pages\/673\" data-token=\"ef04aaed4528fd97034a8a061522f0c8\" data-trp-original-action=\"\/es\/wp-json\/wp\/v2\/pages\/673\"><noscript class=\"wpforms-error-noscript\">Por favor, activa JavaScript en tu navegador para completar este formulario.<\/noscript><div class=\"wpforms-hidden\" id=\"wpforms-error-noscript\">Por favor, activa JavaScript en tu navegador para completar este formulario.<\/div><div class=\"wpforms-field-container\"><div id=\"wpforms-168-field_0-container\" class=\"wpforms-field wpforms-field-name wpforms-one-third wpforms-first wpforms-mobile-full\" data-field-id=\"0\"><label class=\"wpforms-field-label\" for=\"wpforms-168-field_0\">Nombre <span class=\"wpforms-required-label\" aria-hidden=\"true\">*<\/span><\/label><input type=\"text\" id=\"wpforms-168-field_0\" class=\"wpforms-field-large wpforms-field-required\" name=\"wpforms[fields][0]\" aria-errormessage=\"wpforms-168-field_0-error\" required><\/div><div id=\"wpforms-168-field_1-container\" class=\"wpforms-field wpforms-field-email wpforms-one-third wpforms-mobile-full\" data-field-id=\"1\"><label class=\"wpforms-field-label\" for=\"wpforms-168-field_1\">Correo electr\u00f3nico <span class=\"wpforms-required-label\" aria-hidden=\"true\">*<\/span><\/label><input type=\"email\" id=\"wpforms-168-field_1\" class=\"wpforms-field-large wpforms-field-required\" name=\"wpforms[fields][1]\" spellcheck=\"false\" aria-errormessage=\"wpforms-168-field_1-error\" required><\/div><div id=\"wpforms-168-field_8-container\" class=\"wpforms-field wpforms-field-phone wpforms-one-third wpforms-mobile-full\" data-field-id=\"8\"><label class=\"wpforms-field-label\" for=\"wpforms-168-field_8\">Tel\u00e9fono<\/label><input type=\"tel\" id=\"wpforms-168-field_8\" class=\"wpforms-field-large wpforms-smart-phone-field\" data-rule-smart-phone-field=\"true\" name=\"wpforms[fields][8]\" aria-errormessage=\"wpforms-168-field_8-error\" ><\/div><div id=\"wpforms-168-field_2-container\" class=\"wpforms-field wpforms-field-textarea\" data-field-id=\"2\"><label class=\"wpforms-field-label\" for=\"wpforms-168-field_2\">Mensaje<\/label><textarea id=\"wpforms-168-field_2\" class=\"wpforms-field-medium\" name=\"wpforms[fields][2]\" aria-errormessage=\"wpforms-168-field_2-error\" ><\/textarea><\/div><div id=\"wpforms-168-field_6-container\" class=\"wpforms-field wpforms-field-checkbox wpforms-list-inline\" data-field-id=\"6\"><fieldset><legend class=\"wpforms-field-label wpforms-label-hide\" aria-hidden=\"false\">Checkboxes<\/legend><ul id=\"wpforms-168-field_6\"><li class=\"choice-1 depth-1\"><input type=\"checkbox\" id=\"wpforms-168-field_6_1\" name=\"wpforms[fields][6][]\" value=\"I agree with Tri-County Healthcare Privacy Policy\" aria-errormessage=\"wpforms-168-field_6_1-error\"  ><label class=\"wpforms-field-label-inline\" for=\"wpforms-168-field_6_1\">Concuerdo con la pol\u00edtica de privacidad de Tri-Country Healthcare.<\/label><\/li><\/ul><\/fieldset><\/div><\/div><!-- .wpforms-field-container --><div class=\"wpforms-submit-container\" ><input type=\"hidden\" name=\"wpforms[id]\" value=\"168\"><input type=\"hidden\" name=\"wpforms[author]\" value=\"1\"><button type=\"submit\" name=\"wpforms[submit]\" id=\"wpforms-submit-168\" class=\"wpforms-submit\" data-alt-text=\"Sending...\" data-submit-text=\"Submit\" aria-live=\"assertive\" value=\"wpforms-submit\">Enviar<\/button><img loading=\"lazy\" decoding=\"async\" src=\"https:\/\/tricountry.tecsomx.com\/wp-content\/plugins\/wpforms\/assets\/images\/submit-spin.svg\" class=\"wpforms-submit-spinner\" style=\"display: none;\" width=\"26\" height=\"26\" alt=\"Cargando\"><\/div><input type=\"hidden\" name=\"trp-form-language\" value=\"es\"\/><\/form><\/div>  <!-- .wpforms-container -->\n\n\n\t\t<\/div>\n\t\t\t\t\t<\/div>\n\n\t\n\n<\/div>\n\t<div id=\"gap-1262033478\" class=\"gap-element clearfix\" style=\"display:block; height:auto;\">\n\t\t\n<style>\n#gap-1262033478 {\n  padding-top: 100px;\n}\n<\/style>\n\t<\/div>\n\t\n\n\n\t\t<\/div>\n\t\t\t\t\t<\/div>\n\n\t\n\n<\/div>\n\n\t\t<\/div>\n\n\t\t\n<style>\n#section_1369938001 {\n  padding-top: 0px;\n  padding-bottom: 0px;\n}\n#section_1369938001 .section-bg.bg-loaded {\n  background-image: url(https:\/\/tricountry.tecsomx.com\/wp-content\/uploads\/2023\/11\/Clip-path-group.svg);\n}\n#section_1369938001 .section-bg {\n  background-position: 0% 0%;\n}\n<\/style>\n\t<\/section>","protected":false},"excerpt":{"rendered":"","protected":false},"author":1,"featured_media":0,"parent":0,"menu_order":0,"comment_status":"closed","ping_status":"closed","template":"page-blank.php","meta":{"inline_featured_image":false,"footnotes":""},"class_list":["post-673","page","type-page","status-publish","hentry"],"_links":{"self":[{"href":"https:\/\/tricountry.tecsomx.com\/es\/wp-json\/wp\/v2\/pages\/673","targetHints":{"allow":["GET"]}}],"collection":[{"href":"https:\/\/tricountry.tecsomx.com\/es\/wp-json\/wp\/v2\/pages"}],"about":[{"href":"https:\/\/tricountry.tecsomx.com\/es\/wp-json\/wp\/v2\/types\/page"}],"author":[{"embeddable":true,"href":"https:\/\/tricountry.tecsomx.com\/es\/wp-json\/wp\/v2\/users\/1"}],"replies":[{"embeddable":true,"href":"https:\/\/tricountry.tecsomx.com\/es\/wp-json\/wp\/v2\/comments?post=673"}],"version-history":[{"count":2,"href":"https:\/\/tricountry.tecsomx.com\/es\/wp-json\/wp\/v2\/pages\/673\/revisions"}],"predecessor-version":[{"id":675,"href":"https:\/\/tricountry.tecsomx.com\/es\/wp-json\/wp\/v2\/pages\/673\/revisions\/675"}],"wp:attachment":[{"href":"https:\/\/tricountry.tecsomx.com\/es\/wp-json\/wp\/v2\/media?parent=673"}],"curies":[{"name":"wp","href":"https:\/\/api.w.org\/{rel}","templated":true}]}}