{"id":5,"date":"2023-07-24T20:39:19","date_gmt":"2023-07-24T20:39:19","guid":{"rendered":"https:\/\/tricountry.tecsomx.com\/?page_id=5"},"modified":"2024-09-25T19:39:03","modified_gmt":"2024-09-25T19:39:03","slug":"home","status":"publish","type":"page","link":"https:\/\/tricountry.tecsomx.com\/es\/","title":{"rendered":"Inicio"},"content":{"rendered":"<section class=\"section sectrion2\" id=\"section_1481708921\">\n\t\t<div class=\"bg section-bg fill bg-fill bg-loaded\" >\n\n\t\t\t\n\t\t\t\n\t\t\t\n\n\t\t<\/div>\n\n\t\t\n\n\t\t<div class=\"section-content relative\">\n\t\t\t\n\n<div class=\"row\"  id=\"row-1748523506\">\n\n\n\t<div id=\"col-423027927\" class=\"col medium-5 small-12 large-5\"  >\n\t\t\t\t<div class=\"col-inner\"  >\n\t\t\t\n\t\t\t\n\n\t<div id=\"gap-1427646324\" class=\"gap-element clearfix\" style=\"display:block; height:auto;\">\n\t\t\n<style>\n#gap-1427646324 {\n  padding-top: 50px;\n}\n@media (min-width:550px) {\n  #gap-1427646324 {\n    padding-top: 0px;\n  }\n}\n<\/style>\n\t<\/div>\n\t\n\n\t<div id=\"text-4212073379\" class=\"text\">\n\t\t\n\n<p class=\"blacktitle\">Bienvenido a Tri-Country Healthcare<\/p>\n\t\t\n<style>\n#text-4212073379 {\n  font-size: 1rem;\n}\n<\/style>\n\t<\/div>\n\t\n\t<div id=\"text-3079656955\" class=\"text\">\n\t\t\n\n<h1 class=\"titBlue\">Tu proveedor de confianza en terapia pedi\u00e1trica y<br \/>servicios de enfermer\u00eda<\/h1>\n\t\t\n<style>\n#text-3079656955 {\n  font-size: 1.4rem;\n  line-height: 0.75;\n}\n<\/style>\n\t<\/div>\n\t\n<a href=\"https:\/\/tricountry.tecsomx.com\/es\/about-us\/\" class=\"button primary lowercase redBttn\"  style=\"border-radius:49px;\">\n    <span>Nosotros<\/span>\n  <\/a>\n\n\n\n\t\t<\/div>\n\t\t\t\t\n<style>\n#col-423027927 > .col-inner {\n  padding: 10px 0px 0px 0px;\n}\n@media (min-width:850px) {\n  #col-423027927 > .col-inner {\n    padding: 100px 0px 0px 0px;\n  }\n}\n<\/style>\n\t<\/div>\n\n\t\n\n\t<div id=\"col-833029597\" class=\"col medium-7 small-12 large-7\"  >\n\t\t\t\t<div class=\"col-inner text-center\"  >\n\t\t\t\n\t\t\t\n\n\t<div class=\"img has-hover Banner_Img x md-x lg-x y md-y lg-y\" id=\"image_210269583\">\n\t\t\t\t\t\t\t\t<div class=\"img-inner dark\" style=\"margin:-65px 0px 0px 0px;\">\n\t\t\t<img loading=\"lazy\" decoding=\"async\" width=\"604\" height=\"675\" src=\"https:\/\/tricountry.tecsomx.com\/wp-content\/uploads\/2023\/07\/Group-427319188.png\" class=\"attachment-large size-large\" alt=\"\" srcset=\"https:\/\/tricountry.tecsomx.com\/wp-content\/uploads\/2023\/07\/Group-427319188.png 604w, https:\/\/tricountry.tecsomx.com\/wp-content\/uploads\/2023\/07\/Group-427319188-268x300.png 268w\" sizes=\"auto, (max-width: 604px) 100vw, 604px\" \/>\t\t\t\t\t\t\n\t\t\t\t\t<\/div>\n\t\t\t\t\t\t\t\t\n<style>\n#image_210269583 {\n  width: 100%;\n}\n@media (min-width:850px) {\n  #image_210269583 {\n    width: 100%;\n  }\n}\n<\/style>\n\t<\/div>\n\t\n\n\n\t\t<\/div>\n\t\t\t\t\t<\/div>\n\n\t\n\n<\/div>\n\n\t\t<\/div>\n\n\t\t\n<style>\n#section_1481708921 {\n  padding-top: 0px;\n  padding-bottom: 0px;\n}\n#section_1481708921 .section-bg.bg-loaded {\n  background-image: url(https:\/\/tricountry.tecsomx.com\/wp-content\/uploads\/2023\/07\/back1-1.svg);\n}\n#section_1481708921 .section-bg {\n  background-position: 100% 100%;\n}\n<\/style>\n\t<\/section>\n\t\n\t<section class=\"section\" id=\"section_1999294124\">\n\t\t<div class=\"bg section-bg fill bg-fill bg-loaded bg-loaded\" >\n\n\t\t\t\n\t\t\t\n\t\t\t\n\n\t\t<\/div>\n\n\t\t\n\n\t\t<div class=\"section-content relative\">\n\t\t\t\n\n<div class=\"row\"  id=\"row-511820632\">\n\n\n\t<div id=\"col-1088808201\" class=\"col small-12 large-12\"  >\n\t\t\t\t<div class=\"col-inner text-center\"  >\n\t\t\t\n\t\t\t\n\n\t<div id=\"gap-1290546449\" class=\"gap-element clearfix\" style=\"display:block; height:auto;\">\n\t\t\n<style>\n#gap-1290546449 {\n  padding-top: 60px;\n}\n<\/style>\n\t<\/div>\n\t\n\n\t<div id=\"text-2298278152\" class=\"text\">\n\t\t\n\n<h3 class=\"btUs\">NOSOTROS<\/h3>\n\t\t\n<style>\n#text-2298278152 {\n  font-size: 0.75rem;\n  line-height: 1.8;\n}\n<\/style>\n\t<\/div>\n\t\n\t<div id=\"gap-851930169\" class=\"gap-element clearfix\" style=\"display:block; height:auto;\">\n\t\t\n<style>\n#gap-851930169 {\n  padding-top: 10px;\n}\n<\/style>\n\t<\/div>\n\t\n\n\t<div id=\"text-3722522421\" class=\"text\">\n\t\t\n\n<p><span class=\"spanTW\">\u00bfPor qu\u00e9 nosotros?<\/span><\/p>\n\t\t\n<style>\n#text-3722522421 {\n  font-size: 2.35rem;\n  line-height: 0.75;\n}\n<\/style>\n\t<\/div>\n\t\n\n\t\t<\/div>\n\t\t\t\t\n<style>\n#col-1088808201 > .col-inner {\n  margin: 0px 0px -50px 0px;\n}\n<\/style>\n\t<\/div>\n\n\t\n\n<\/div>\n<div class=\"row\"  id=\"row-2048242722\">\n\n\n\t<div id=\"col-317870855\" class=\"col small-12 large-12\"  >\n\t\t\t\t<div class=\"col-inner text-center\"  >\n\t\t\t\n\t\t\t\n\n<p class=\"pBobA\">En Tri-County Healthcare, estamos comprometidos a ser un faro de esperanza para los ni\u00f1os y sus familias. Nuestra misi\u00f3n es proporcionar servicios compasivos y completos de atenci\u00f3n m\u00e9dica pedi\u00e1trica en el hogar que fomenten la curaci\u00f3n, el crecimiento y el bienestar. Con un equipo de profesionales altamente capacitados, brindamos atenci\u00f3n personalizada de la m\u00e1s alta calidad, garantizando comodidad y apoyo en el entorno familiar de sus hogares.<\/p>\n\n\t\t<\/div>\n\t\t\t\t\t<\/div>\n\n\t\n\n<\/div>\n<div class=\"row align-center hide-for-small\"  id=\"row-7849383\">\n\n\n\t<div id=\"col-1282031865\" class=\"col colWhiteBox medium-6 small-12 large-6\"  >\n\t\t\t\t<div class=\"col-inner text-center\"  >\n\t\t\t\n\t\t\t\n\n\t<div class=\"img has-hover portimg x md-x lg-x y md-y lg-y\" id=\"image_1015536907\">\n\t\t\t\t\t\t\t\t<div class=\"img-inner dark\" >\n\t\t\t<img loading=\"lazy\" decoding=\"async\" width=\"353\" height=\"222\" src=\"https:\/\/tricountry.tecsomx.com\/wp-content\/uploads\/2023\/07\/Switch.png\" class=\"attachment-large size-large\" alt=\"\" srcset=\"https:\/\/tricountry.tecsomx.com\/wp-content\/uploads\/2023\/07\/Switch.png 353w, https:\/\/tricountry.tecsomx.com\/wp-content\/uploads\/2023\/07\/Switch-300x189.png 300w\" sizes=\"auto, (max-width: 353px) 100vw, 353px\" \/>\t\t\t\t\t\t\n\t\t\t\t\t<\/div>\n\t\t\t\t\t\t\t\t\n<style>\n#image_1015536907 {\n  width: 100%;\n}\n<\/style>\n\t<\/div>\n\t\n\n\n\n<h1 class=\"title2\">Enfermer\u00eda privada<\/h1>\n\n<p class=\"descbox\">Ofrecemos servicios de enfermer\u00eda de cuidados privados para aquellos que necesitan atenci\u00f3n m\u00e9dica en su hogar. Nuestras enfermeras experimentadas est\u00e1n disponibles las 24 horas del d\u00eda, los 7 d\u00edas de la semana para proporcionar atenci\u00f3n especializada, monitorear signos vitales, administrar medicamentos y tratamientos, y asegurar el m\u00e1s alto nivel de cuidado.<\/p>\n\n\n<a href=\"https:\/\/tricountry.tecsomx.com\/es\/services\/\" class=\"aBtnLearn\">Leer m\u00e1s<img decoding=\"async\" class=\"flickleft\" src=\"https:\/\/tricountry.tecsomx.com\/wp-content\/uploads\/2023\/07\/right.svg\"><\/a>\n\n\n\t\t<\/div>\n\t\t\t\t\t<\/div>\n\n\t\n\n\t<div id=\"col-2065037754\" class=\"col colWhiteBox medium-6 small-12 large-6\"  >\n\t\t\t\t<div class=\"col-inner text-center\"  >\n\t\t\t\n\t\t\t\n\n\t<div class=\"img has-hover portimg x md-x lg-x y md-y lg-y\" id=\"image_608676728\">\n\t\t\t\t\t\t\t\t<div class=\"img-inner dark\" >\n\t\t\t<img loading=\"lazy\" decoding=\"async\" width=\"353\" height=\"221\" src=\"https:\/\/tricountry.tecsomx.com\/wp-content\/uploads\/2023\/07\/Image.png\" class=\"attachment-large size-large\" alt=\"\" srcset=\"https:\/\/tricountry.tecsomx.com\/wp-content\/uploads\/2023\/07\/Image.png 353w, https:\/\/tricountry.tecsomx.com\/wp-content\/uploads\/2023\/07\/Image-300x188.png 300w\" sizes=\"auto, (max-width: 353px) 100vw, 353px\" \/>\t\t\t\t\t\t\n\t\t\t\t\t<\/div>\n\t\t\t\t\t\t\t\t\n<style>\n#image_608676728 {\n  width: 100%;\n}\n<\/style>\n\t<\/div>\n\t\n\n\n\n<h1 class=\"title2\">Terapia de Salud en el Hogar<\/h1>\n\n<p class=\"descbox\">Nuestro servicio incluye Terapia F\u00edsica, Terapia Ocupacional y Terapia del Habla. Nuestros terapeutas con licencia trabajan estrechamente con los pacientes para crear planes de tratamiento personalizados, ayud\u00e1ndoles a recuperar la movilidad, mejorar habilidades para la vida diaria o potenciar sus capacidades de comunicaci\u00f3n. Utilizamos pr\u00e1cticas basadas en evidencia y orientaci\u00f3n compasiva para ayudar a nuestros pacientes a alcanzar sus metas y mejorar su bienestar general. <\/p>\n\n<a href=\"https:\/\/tricountry.tecsomx.com\/es\/services\/\" class=\"aBtnLearn\">Leer m\u00e1s<img decoding=\"async\" class=\"flickleft\" src=\"https:\/\/tricountry.tecsomx.com\/wp-content\/uploads\/2023\/07\/right.svg\"><\/a>\n\n\n\t\t<\/div>\n\t\t\t\t\t<\/div>\n\n\t\n\n<\/div>\n\t<div id=\"gap-1110006333\" class=\"gap-element clearfix\" style=\"display:block; height:auto;\">\n\t\t\n<style>\n#gap-1110006333 {\n  padding-top: 30px;\n}\n<\/style>\n\t<\/div>\n\t\n\n<div class=\"row row-collapse show-for-small\"  id=\"row-656280197\">\n\n\n\t<div id=\"col-2031745407\" class=\"col medium-4 small-12 large-4\"  >\n\t\t\t\t<div class=\"col-inner\"  >\n\t\t\t\n\t\t\t\n\n<div class=\"slider-wrapper relative\" id=\"slider-1449871393\" >\n    <div class=\"slider slider-nav-circle slider-nav-large slider-nav-light slider-style-normal\"\n        data-flickity-options='{            \"cellAlign\": \"center\",            \"imagesLoaded\": true,            \"lazyLoad\": 1,            \"freeScroll\": false,            \"wrapAround\": true,            \"autoPlay\": 6000,            \"pauseAutoPlayOnHover\" : true,            \"prevNextButtons\": true,            \"contain\" : true,            \"adaptiveHeight\" : true,            \"dragThreshold\" : 10,            \"percentPosition\": true,            \"pageDots\": false,            \"rightToLeft\": false,            \"draggable\": true,            \"selectedAttraction\": 0.1,            \"parallax\" : 0,            \"friction\": 0.6        }'\n        >\n        \n\n<div class=\"row\"  id=\"row-1783281277\">\n\n\n\t<div id=\"col-1039702240\" class=\"col movbor small-12 large-12\"  >\n\t\t\t\t<div class=\"col-inner text-center\" style=\"background-color:rgb(255,255,255);\" >\n\t\t\t\n\t\t\t\n\n\t<div class=\"img has-hover x md-x lg-x y md-y lg-y\" id=\"image_1355551684\">\n\t\t\t\t\t\t\t\t<div class=\"img-inner dark\" >\n\t\t\t<img loading=\"lazy\" decoding=\"async\" width=\"353\" height=\"222\" src=\"https:\/\/tricountry.tecsomx.com\/wp-content\/uploads\/2023\/07\/Switch.png\" class=\"attachment-large size-large\" alt=\"\" srcset=\"https:\/\/tricountry.tecsomx.com\/wp-content\/uploads\/2023\/07\/Switch.png 353w, https:\/\/tricountry.tecsomx.com\/wp-content\/uploads\/2023\/07\/Switch-300x189.png 300w\" sizes=\"auto, (max-width: 353px) 100vw, 353px\" \/>\t\t\t\t\t\t\n\t\t\t\t\t<\/div>\n\t\t\t\t\t\t\t\t\n<style>\n#image_1355551684 {\n  width: 100%;\n}\n<\/style>\n\t<\/div>\n\t\n\n\t\t<div class=\"htmlmov\">\n\t\t\t\t\n\n<h1 class=\"title2\">Enfermer\u00eda privada<\/h1>\n\n<p class=\"descbox\">Ofrecemos servicios de enfermer\u00eda de cuidados privados para aquellos que necesitan atenci\u00f3n m\u00e9dica en su hogar. Nuestras enfermeras experimentadas est\u00e1n disponibles las 24 horas del d\u00eda, los 7 d\u00edas de la semana para proporcionar atenci\u00f3n especializada, monitorear signos vitales, administrar medicamentos y tratamientos, y asegurar el m\u00e1s alto nivel de cuidado.<\/p>\n\n\n<a class=\"aBtnLearn\">Leer m\u00e1s<img decoding=\"async\" class=\"flickleft\" src=\"https:\/\/tricountry.tecsomx.com\/wp-content\/uploads\/2023\/07\/right.svg\"><\/a>\n<br>\n<br>\n\t\t<\/div>\n\t\n\n\t\t<\/div>\n\t\t\t\t\n<style>\n#col-1039702240 > .col-inner {\n  padding: 0px 0px 0px 0px;\n}\n<\/style>\n\t<\/div>\n\n\t\n\n<\/div>\n<div class=\"row\"  id=\"row-2045027568\">\n\n\n\t<div id=\"col-1123891979\" class=\"col movbor small-12 large-12\"  >\n\t\t\t\t<div class=\"col-inner text-center\" style=\"background-color:rgb(255,255,255);\" >\n\t\t\t\n\t\t\t\n\n\t<div class=\"img has-hover x md-x lg-x y md-y lg-y\" id=\"image_2136193856\">\n\t\t\t\t\t\t\t\t<div class=\"img-inner dark\" >\n\t\t\t<img loading=\"lazy\" decoding=\"async\" width=\"353\" height=\"221\" src=\"https:\/\/tricountry.tecsomx.com\/wp-content\/uploads\/2023\/07\/Image-1.png\" class=\"attachment-large size-large\" alt=\"\" srcset=\"https:\/\/tricountry.tecsomx.com\/wp-content\/uploads\/2023\/07\/Image-1.png 353w, https:\/\/tricountry.tecsomx.com\/wp-content\/uploads\/2023\/07\/Image-1-300x188.png 300w\" sizes=\"auto, (max-width: 353px) 100vw, 353px\" \/>\t\t\t\t\t\t\n\t\t\t\t\t<\/div>\n\t\t\t\t\t\t\t\t\n<style>\n#image_2136193856 {\n  width: 100%;\n}\n<\/style>\n\t<\/div>\n\t\n\n\t\t<div class=\"htmlmov\">\n\t\t\t\t\n\n<h1 class=\"title2\">Terapia de Salud en el Hogar<\/h1>\n\n<p class=\"descbox\">Nuestro servicio incluye Terapia F\u00edsica, Terapia Ocupacional y Terapia del Habla. Nuestros terapeutas con licencia trabajan estrechamente con los pacientes para crear planes de tratamiento personalizados, ayud\u00e1ndoles a recuperar la movilidad, mejorar habilidades para la vida diaria o potenciar sus capacidades de comunicaci\u00f3n. Utilizamos pr\u00e1cticas basadas en evidencia y orientaci\u00f3n compasiva para ayudar a nuestros pacientes a alcanzar sus metas y mejorar su bienestar general. <\/p>\n\n<a class=\"aBtnLearn\">Leer m\u00e1s<img decoding=\"async\" class=\"flickleft\" src=\"https:\/\/tricountry.tecsomx.com\/wp-content\/uploads\/2023\/07\/right.svg\"><\/a>\n<br>\n<br>\n\t\t<\/div>\n\t\n\n\t\t<\/div>\n\t\t\t\t\n<style>\n#col-1123891979 > .col-inner {\n  padding: 0px 0px 0px 0px;\n}\n<\/style>\n\t<\/div>\n\n\t\n\n<\/div>\n<div class=\"row\"  id=\"row-709462750\">\n\n\n\t<div id=\"col-2134352879\" class=\"col movbor small-12 large-12\"  >\n\t\t\t\t<div class=\"col-inner text-center\" style=\"background-color:rgb(255,255,255);\" >\n\t\t\t\n\t\t\t\n\n\t<div class=\"img has-hover x md-x lg-x y md-y lg-y\" id=\"image_720499954\">\n\t\t\t\t\t\t\t\t<div class=\"img-inner dark\" >\n\t\t\t<img loading=\"lazy\" decoding=\"async\" width=\"352\" height=\"222\" src=\"https:\/\/tricountry.tecsomx.com\/wp-content\/uploads\/2023\/07\/Image333.png\" class=\"attachment-large size-large\" alt=\"\" srcset=\"https:\/\/tricountry.tecsomx.com\/wp-content\/uploads\/2023\/07\/Image333.png 352w, https:\/\/tricountry.tecsomx.com\/wp-content\/uploads\/2023\/07\/Image333-300x189.png 300w\" sizes=\"auto, (max-width: 352px) 100vw, 352px\" \/>\t\t\t\t\t\t\n\t\t\t\t\t<\/div>\n\t\t\t\t\t\t\t\t\n<style>\n#image_720499954 {\n  width: 100%;\n}\n<\/style>\n\t<\/div>\n\t\n\n\t\t<div class=\"htmlmov\">\n\t\t\t\t\n\n<h1 class=\"title2\">Outpatient Rehab Therapy<\/h1>\n\n<p class=\"descbox\">Rehabilitation is a type of care that can assist you in regaining, maintaining, or enhancing the abilities required for daily life. These abilities may include physical, mental, and cognitive skills.<\/p>\n<a class=\"aBtnLearn\">Leer m\u00e1s<img decoding=\"async\" class=\"flickleft\" src=\"https:\/\/tricountry.tecsomx.com\/wp-content\/uploads\/2023\/07\/right.svg\"><\/a>\n<br>\n<br>\n\t\t<\/div>\n\t\n\n\t\t<\/div>\n\t\t\t\t\n<style>\n#col-2134352879 > .col-inner {\n  padding: 0px 0px 0px 0px;\n}\n<\/style>\n\t<\/div>\n\n\t\n\n<\/div>\n\n     <\/div>\n\n     <div class=\"loading-spin dark large centered\"><\/div>\n\n\t<\/div>\n\n\n\n\t\t<\/div>\n\t\t\t\t\t<\/div>\n\n\t\n\n<\/div>\n\n\t\t<\/div>\n\n\t\t\n<style>\n#section_1999294124 {\n  padding-top: 30px;\n  padding-bottom: 30px;\n  background-color: rgb(255, 233, 121);\n}\n<\/style>\n\t<\/section>\n\t\n\t<section class=\"section sectrion3\" id=\"section_1204309136\">\n\t\t<div class=\"bg section-bg fill bg-fill bg-loaded\" >\n\n\t\t\t\n\t\t\t\n\t\t\t\n\n\t\t<\/div>\n\n\t\t\n\n\t\t<div class=\"section-content relative\">\n\t\t\t\n\n\t<div id=\"gap-432371751\" class=\"gap-element clearfix\" style=\"display:block; height:auto;\">\n\t\t\n<style>\n#gap-432371751 {\n  padding-top: 0px;\n}\n<\/style>\n\t<\/div>\n\t\n\n<div class=\"row\"  id=\"row-1891598980\">\n\n\n\t<div id=\"col-1388221305\" class=\"col medium-7 small-12 large-7\"  >\n\t\t\t\t<div class=\"col-inner\"  >\n\t\t\t\n\t\t\t\n\n\t<div class=\"img has-hover x md-x lg-x y md-y lg-y\" id=\"image_1949838105\">\n\t\t\t\t\t\t\t\t<div class=\"img-inner dark\" >\n\t\t\t<img loading=\"lazy\" decoding=\"async\" width=\"604\" height=\"661\" src=\"https:\/\/tricountry.tecsomx.com\/wp-content\/uploads\/2023\/07\/download.png\" class=\"attachment-large size-large\" alt=\"\" srcset=\"https:\/\/tricountry.tecsomx.com\/wp-content\/uploads\/2023\/07\/download.png 604w, https:\/\/tricountry.tecsomx.com\/wp-content\/uploads\/2023\/07\/download-274x300.png 274w\" sizes=\"auto, (max-width: 604px) 100vw, 604px\" \/>\t\t\t\t\t\t\n\t\t\t\t\t<\/div>\n\t\t\t\t\t\t\t\t\n<style>\n#image_1949838105 {\n  width: 100%;\n}\n<\/style>\n\t<\/div>\n\t\n\n\n\t\t<\/div>\n\t\t\t\t\t<\/div>\n\n\t\n\n\t<div id=\"col-1078524965\" class=\"col medium-5 small-12 large-5\"  >\n\t\t\t\t<div class=\"col-inner\"  >\n\t\t\t\n\t\t\t\n\n\t<div id=\"text-2409080824\" class=\"text\">\n\t\t\n\n<p><span class=\"blueSpan\">NUESTROS SERVICIOS<\/span><\/p>\n\t\t\n<style>\n#text-2409080824 {\n  font-size: 0.9rem;\n  line-height: 0.75;\n}\n<\/style>\n\t<\/div>\n\t\n<h1 class=\"dTit\">Servicios completos de terapia y<br \/> Nursing Services Tailored  to Your Needs.<\/h1>\n<div class=\"accordion PLGeneral\">\n\n\t<div id=\"accordion-1551998786\" class=\"accordion-item pLNurse\">\n\t\t<a id=\"accordion-1551998786-label\" class=\"accordion-title plain\" href=\"#accordion-item-private-duty-nursing\" aria-expanded=\"false\" aria-controls=\"accordion-1551998786-content\" >\n\t\t\t<button class=\"toggle\" aria-label=\"Toggle\"><i class=\"icon-angle-down\"><\/i><\/button>\n\t\t\t<span>Enfermer\u00eda de Cuidados Privados<\/span>\n\t\t<\/a>\n\t\t<div id=\"accordion-1551998786-content\" class=\"accordion-inner\" aria-labelledby=\"accordion-1551998786-label\" >\n\t\t\t\n\n\n\n<p class=\"descT\"><span class=\"boldtxt\">Nursing Care:<\/span> Our agency provides private duty nursing to medically dependent patients. This includes patients with cardiac or respiratory compromise requiring ventilator support, BIPAP\/CPAP use, tracheostomy care or oxygen dependency, as well as patients with nutritional conditions requiring gastrostomy care, or with complications of prematurity &#038; genetic syndromes.<\/p>\n<p class=\"descT\"><span class=\"boldtxt\">Atenci\u00f3n M\u00e9dica Dependiente:<\/span> Nuestro dedicado equipo de enfermeras ofrece servicios de enfermer\u00eda de cuidados privados para ni\u00f1os y adultos m\u00e9dicamente dependientes inscritos en el programa de exenci\u00f3n.<\/p>\n\n\n\t\t<\/div>\n\t<\/div>\n\t\n\t<div id=\"accordion-2715987200\" class=\"accordion-item pLPediatric\">\n\t\t<a id=\"accordion-2715987200-label\" class=\"accordion-title plain\" href=\"#accordion-item-pediatric-therapy\" aria-expanded=\"false\" aria-controls=\"accordion-2715987200-content\" >\n\t\t\t<button class=\"toggle\" aria-label=\"Toggle\"><i class=\"icon-angle-down\"><\/i><\/button>\n\t\t\t<span>Terapia Pedi\u00e1trica<\/span>\n\t\t<\/a>\n\t\t<div id=\"accordion-2715987200-content\" class=\"accordion-inner\" aria-labelledby=\"accordion-2715987200-label\" >\n\t\t\t\n\n\n\n<p class=\"descT\"><span class=\"boldtxt\">Terapia del Habla:<\/span> Ofrecemos servicios completos de terapia del habla para abordar trastornos de comunicaci\u00f3n, retrasos en el habla y dificultades en el lenguaje.<\/p>\n\n<p class=\"descT\"><span class=\"boldtxt\">Terapia Ocupacional:<\/span> Our highly skilled occupational therapists focus on improving fine motor skills, sensory processing, and daily living skills, and language impairments.<\/p>\n\n<p class=\"descT\"><span class=\"boldtxt\">Terapia F\u00edsica:<\/span> Brindamos terapia f\u00edsica especializada para promover el desarrollo motor, la fuerza y la movilidad.<\/p>\n\n\n\t\t<\/div>\n\t<\/div>\n\t\n\n<\/div>\n\n\t\t<\/div>\n\t\t\t\t\n<style>\n#col-1078524965 > .col-inner {\n  padding: 70px 0px 0px 0px;\n}\n<\/style>\n\t<\/div>\n\n\t\n\n<\/div>\n\n\t\t<\/div>\n\n\t\t\n<style>\n#section_1204309136 {\n  padding-top: 30px;\n  padding-bottom: 30px;\n}\n#section_1204309136 .section-bg.bg-loaded {\n  background-image: url(https:\/\/tricountry.tecsomx.com\/wp-content\/uploads\/2023\/07\/Wireframe-5.svg);\n}\n#section_1204309136 .section-bg {\n  background-position: 0% 0%;\n}\n<\/style>\n\t<\/section>\n\t\n\t<section class=\"section ak2\" id=\"section_749233146\">\n\t\t<div class=\"bg section-bg fill bg-fill bg-loaded bg-loaded\" >\n\n\t\t\t\n\t\t\t\n\t\t\t\n\n\t\t<\/div>\n\n\t\t\n\n\t\t<div class=\"section-content relative\">\n\t\t\t\n\n\t<div id=\"gap-905189396\" class=\"gap-element clearfix\" style=\"display:block; height:auto;\">\n\t\t\n<style>\n#gap-905189396 {\n  padding-top: 0px;\n}\n<\/style>\n\t<\/div>\n\t\n\n<div class=\"row\"  id=\"row-2051132038\">\n\n\n\t<div id=\"col-1957670729\" class=\"col small-12 large-12\"  >\n\t\t\t\t<div class=\"col-inner text-center\"  >\n\t\t\t\n\t\t\t\n\n\t<div id=\"text-302063417\" class=\"text\">\n\t\t\n\n<h1 class=\"titH1\">Preguntas frecuentes<\/h1>\n\t\t\n<style>\n#text-302063417 {\n  font-size: 1.3rem;\n}\n<\/style>\n\t<\/div>\n\t\n\n\t\t<\/div>\n\t\t\t\t\t<\/div>\n\n\t\n\n\t<div id=\"col-1508217232\" class=\"col small-12 large-12\"  >\n\t\t\t\t<div class=\"col-inner text-left\"  >\n\t\t\t\n\t\t\t\n\n<div class=\"accordion FAQCL\">\n\n\t<div id=\"accordion-3015926645\" class=\"accordion-item FAQ_questions\">\n\t\t<a id=\"accordion-3015926645-label\" class=\"accordion-title plain\" href=\"#accordion-item-how-can-i-access-tri-county-healthcare&#039;s-services?\" aria-expanded=\"false\" aria-controls=\"accordion-3015926645-content\" >\n\t\t\t<button class=\"toggle\" aria-label=\"Toggle\"><i class=\"icon-angle-down\"><\/i><\/button>\n\t\t\t<span>\u00bfC\u00f3mo puedo acceder a los servicios de Tri-County Healthcare?<\/span>\n\t\t<\/a>\n\t\t<div id=\"accordion-3015926645-content\" class=\"accordion-inner\" aria-labelledby=\"accordion-3015926645-label\" >\n\t\t\t\n\n\n\n<p class=\"FAQ_answers\">Para acceder a nuestros servicios, puedes ponerte en contacto con nuestro dedicado equipo a trav\u00e9s de la informaci\u00f3n de contacto que proporcionamos a continuaci\u00f3n. Te guiaremos a trav\u00e9s del proceso y aseguraremos una transici\u00f3n sin problemas para que tu hijo reciba la atenci\u00f3n que necesita.<\/p>\n\n<p class=\"FAQ_answers\">Please contact us at (956) 444-4500 | Fax: (956) 399-4505 | Email: info@tricountykidscare.com<\/p>\n\n\n\t\t<\/div>\n\t<\/div>\n\t\n\t<div id=\"accordion-3313034817\" class=\"accordion-item FAQ_questions\">\n\t\t<a id=\"accordion-3313034817-label\" class=\"accordion-title plain\" href=\"#accordion-item-are-your-services-covered-by-insurance?\" aria-expanded=\"false\" aria-controls=\"accordion-3313034817-content\" >\n\t\t\t<button class=\"toggle\" aria-label=\"Toggle\"><i class=\"icon-angle-down\"><\/i><\/button>\n\t\t\t<span>\u00bfSus servicios est\u00e1n cubiertos por el seguro?<\/span>\n\t\t<\/a>\n\t\t<div id=\"accordion-3313034817-content\" class=\"accordion-inner\" aria-labelledby=\"accordion-3313034817-label\" >\n\t\t\t\n\n\n\n<p class=\"FAQ_answers\">We accept the following insurance providers: Medicaid &#8211; Managed Medicaid Care Programs, Private Insurance &#8211; United and Blue Cross Blue Shield, United Healthcare, Driscoll, Superior, Molina. Texas Chips and Foster Programs.<\/p>\n\n\n\t\t<\/div>\n\t<\/div>\n\t\n\t<div id=\"accordion-8467557\" class=\"accordion-item FAQ_questions\">\n\t\t<a id=\"accordion-8467557-label\" class=\"accordion-title plain\" href=\"#accordion-item-how-experienced-are-your-healthcare-professionals?\" aria-expanded=\"false\" aria-controls=\"accordion-8467557-content\" >\n\t\t\t<button class=\"toggle\" aria-label=\"Toggle\"><i class=\"icon-angle-down\"><\/i><\/button>\n\t\t\t<span>\u00bfQu\u00e9 experiencia tienen sus profesionales de salud?<\/span>\n\t\t<\/a>\n\t\t<div id=\"accordion-8467557-content\" class=\"accordion-inner\" aria-labelledby=\"accordion-8467557-label\" >\n\t\t\t\n\n\n\n<p class=\"FAQ_answers\">Tri-County Healthcare works together with all families to build the best team possible. Rest assured, all team members on our team are qualified and dedicated to providing exceptional care.<\/p>\n\n\n\t\t<\/div>\n\t<\/div>\n\t\n\t<div id=\"accordion-3627316244\" class=\"accordion-item FAQ_questions\">\n\t\t<a id=\"accordion-3627316244-label\" class=\"accordion-title plain\" href=\"#accordion-item-can-i-choose-my-child&#039;s-healthcare-team?\" aria-expanded=\"false\" aria-controls=\"accordion-3627316244-content\" >\n\t\t\t<button class=\"toggle\" aria-label=\"Toggle\"><i class=\"icon-angle-down\"><\/i><\/button>\n\t\t\t<span>\u00bfPuedo elegir el equipo de atenci\u00f3n m\u00e9dica para mi hijo?<\/span>\n\t\t<\/a>\n\t\t<div id=\"accordion-3627316244-content\" class=\"accordion-inner\" aria-labelledby=\"accordion-3627316244-label\" >\n\t\t\t\n\n\n\n<p class=\"FAQ_answers\">Yes, you have the power to choose. We understand the importance of continuity of care and strive to  provide you the best clinicians for your healthcare team.<\/p>\n\n\n\t\t<\/div>\n\t<\/div>\n\t\n\t<div id=\"accordion-2106389750\" class=\"accordion-item FAQ_questions\">\n\t\t<a id=\"accordion-2106389750-label\" class=\"accordion-title plain\" href=\"#accordion-item-what-geographic-areas-do-you-serve?\" aria-expanded=\"false\" aria-controls=\"accordion-2106389750-content\" >\n\t\t\t<button class=\"toggle\" aria-label=\"Toggle\"><i class=\"icon-angle-down\"><\/i><\/button>\n\t\t\t<span>\u00bfEn qu\u00e9 \u00e1reas geogr\u00e1ficas brindan servicio?<\/span>\n\t\t<\/a>\n\t\t<div id=\"accordion-2106389750-content\" class=\"accordion-inner\" aria-labelledby=\"accordion-2106389750-label\" >\n\t\t\t\n\n\n\n<p class=\"FAQ_answers\">Tri-County Healthcare serves The Rio Grande Valley in the following areas: Cameron Hidalgo, and Willacy counties. Now also Nueces County. Please contact us for specific details regarding our service coverage.<\/p>\n\n\n\t\t<\/div>\n\t<\/div>\n\t\n\n<\/div>\n\n\t\t<\/div>\n\t\t\t\t\t<\/div>\n\n\t\n\n<\/div>\n\t<div id=\"gap-2079553084\" class=\"gap-element clearfix\" style=\"display:block; height:auto;\">\n\t\t\n<style>\n#gap-2079553084 {\n  padding-top: 50px;\n}\n<\/style>\n\t<\/div>\n\t\n\n\n\n\t\t<\/div>\n\n\t\t\n<style>\n#section_749233146 {\n  padding-top: 0px;\n  padding-bottom: 0px;\n}\n<\/style>\n\t<\/section>","protected":false},"excerpt":{"rendered":"","protected":false},"author":1,"featured_media":0,"parent":0,"menu_order":0,"comment_status":"closed","ping_status":"closed","template":"page-blank.php","meta":{"inline_featured_image":false,"footnotes":""},"class_list":["post-5","page","type-page","status-publish","hentry"],"_links":{"self":[{"href":"https:\/\/tricountry.tecsomx.com\/es\/wp-json\/wp\/v2\/pages\/5","targetHints":{"allow":["GET"]}}],"collection":[{"href":"https:\/\/tricountry.tecsomx.com\/es\/wp-json\/wp\/v2\/pages"}],"about":[{"href":"https:\/\/tricountry.tecsomx.com\/es\/wp-json\/wp\/v2\/types\/page"}],"author":[{"embeddable":true,"href":"https:\/\/tricountry.tecsomx.com\/es\/wp-json\/wp\/v2\/users\/1"}],"replies":[{"embeddable":true,"href":"https:\/\/tricountry.tecsomx.com\/es\/wp-json\/wp\/v2\/comments?post=5"}],"version-history":[{"count":124,"href":"https:\/\/tricountry.tecsomx.com\/es\/wp-json\/wp\/v2\/pages\/5\/revisions"}],"predecessor-version":[{"id":715,"href":"https:\/\/tricountry.tecsomx.com\/es\/wp-json\/wp\/v2\/pages\/5\/revisions\/715"}],"wp:attachment":[{"href":"https:\/\/tricountry.tecsomx.com\/es\/wp-json\/wp\/v2\/media?parent=5"}],"curies":[{"name":"wp","href":"https:\/\/api.w.org\/{rel}","templated":true}]}}