{"id":489,"date":"2023-11-28T18:21:10","date_gmt":"2023-11-28T18:21:10","guid":{"rendered":"https:\/\/tricountry.tecsomx.com\/?page_id=489"},"modified":"2024-06-21T05:47:24","modified_gmt":"2024-06-21T05:47:24","slug":"careers","status":"publish","type":"page","link":"https:\/\/tricountry.tecsomx.com\/es\/careers\/","title":{"rendered":"Carreras"},"content":{"rendered":"<section class=\"section\" id=\"section_1614795602\">\n\t\t<div class=\"bg section-bg fill bg-fill bg-loaded bg-loaded\" >\n\n\t\t\t\n\t\t\t\n\t\t\t\n\n\t\t<\/div>\n\n\t\t\n\n\t\t<div class=\"section-content relative\">\n\t\t\t\n\n<div class=\"row\"  id=\"row-692264029\">\n\n\n\t<div id=\"col-992095602\" class=\"col small-12 large-12\"  >\n\t\t\t\t<div class=\"col-inner\"  >\n\t\t\t\n\t\t\t\n\n\t<div id=\"text-1888031862\" class=\"text\">\n\t\t\n\n<h1 class=\"titBlue\">Ven y \u00fanete a nuestro equipo<\/h1>\n\t\t\n<style>\n#text-1888031862 {\n  font-size: 1.45rem;\n  text-align: center;\n}\n<\/style>\n\t<\/div>\n\t\n\t<div id=\"text-4046405523\" class=\"text\">\n\t\t\n\n<p class=\"pBobA\">Nos gustar\u00eda brindar una c\u00e1lida bienvenida a todas las enfermeras y terapeutas profesionales y compasivos que desean unirse a nuestro galardonado equipo. Si est\u00e1 interesado, comun\u00edquese con nosotros por tel\u00e9fono, correo electr\u00f3nico o fax y env\u00edenos su curr\u00edculum. Revisaremos su solicitud con cuidado y le responderemos lo antes posible. Tri-County Healthcare ha estado sirviendo con orgullo al Valle del R\u00edo Grande durante m\u00e1s de una d\u00e9cada y ser\u00eda un honor para nosotros tenerlo como parte de nuestro equipo. Gracias por considerar una carrera con nosotros.<\/p>\n\t\t\n<style>\n#text-4046405523 {\n  text-align: center;\n}\n<\/style>\n\t<\/div>\n\t\n\n\t\t<\/div>\n\t\t\t\t\t<\/div>\n\n\t\n\n<\/div>\n<div class=\"row row-collapse\"  id=\"row-795527401\">\n\n\n\t<div id=\"col-1528663819\" class=\"col small-12 large-12\"  >\n\t\t\t\t<div class=\"col-inner\"  >\n\t\t\t\n\t\t\t\n\n\t<div class=\"img has-hover x md-x lg-x y md-y lg-y\" id=\"image_325173046\">\n\t\t\t\t\t\t\t\t<div class=\"img-inner image-cover dark\" style=\"padding-top:56.25%;\">\n\t\t\t<img loading=\"lazy\" decoding=\"async\" width=\"2048\" height=\"1568\" src=\"https:\/\/tricountry.tecsomx.com\/wp-content\/uploads\/2024\/03\/397148540_10227889117486899_7104071149165821198_n.jpg\" class=\"attachment-original size-original\" alt=\"\" srcset=\"https:\/\/tricountry.tecsomx.com\/wp-content\/uploads\/2024\/03\/397148540_10227889117486899_7104071149165821198_n.jpg 2048w, https:\/\/tricountry.tecsomx.com\/wp-content\/uploads\/2024\/03\/397148540_10227889117486899_7104071149165821198_n-300x230.jpg 300w, https:\/\/tricountry.tecsomx.com\/wp-content\/uploads\/2024\/03\/397148540_10227889117486899_7104071149165821198_n-1024x784.jpg 1024w, https:\/\/tricountry.tecsomx.com\/wp-content\/uploads\/2024\/03\/397148540_10227889117486899_7104071149165821198_n-768x588.jpg 768w, https:\/\/tricountry.tecsomx.com\/wp-content\/uploads\/2024\/03\/397148540_10227889117486899_7104071149165821198_n-1536x1176.jpg 1536w, https:\/\/tricountry.tecsomx.com\/wp-content\/uploads\/2024\/03\/397148540_10227889117486899_7104071149165821198_n-16x12.jpg 16w\" sizes=\"auto, (max-width: 2048px) 100vw, 2048px\" \/>\t\t\t\t\t\t\n\t\t\t\t\t<\/div>\n\t\t\t\t\t\t\t\t\n<style>\n#image_325173046 {\n  width: 100%;\n}\n<\/style>\n\t<\/div>\n\t\n\n\n\t\t<\/div>\n\t\t\t\t\t<\/div>\n\n\t\n\n\t<div id=\"col-1402777728\" class=\"col medium-3 small-12 large-3\"  >\n\t\t\t\t<div class=\"col-inner\"  >\n\t\t\t\n\t\t\t\n\n\t<div class=\"img has-hover x md-x lg-x y md-y lg-y\" id=\"image_480228667\">\n\t\t\t\t\t\t\t\t<div class=\"img-inner image-cover dark\" style=\"padding-top:100%;\">\n\t\t\t<img loading=\"lazy\" decoding=\"async\" width=\"249\" height=\"255\" src=\"https:\/\/tricountry.tecsomx.com\/wp-content\/uploads\/2023\/11\/image-2.png\" class=\"attachment-large size-large\" alt=\"\" srcset=\"https:\/\/tricountry.tecsomx.com\/wp-content\/uploads\/2023\/11\/image-2.png 249w, https:\/\/tricountry.tecsomx.com\/wp-content\/uploads\/2023\/11\/image-2-12x12.png 12w\" sizes=\"auto, (max-width: 249px) 100vw, 249px\" \/>\t\t\t\t\t\t\n\t\t\t\t\t<\/div>\n\t\t\t\t\t\t\t\t\n<style>\n#image_480228667 {\n  width: 100%;\n}\n<\/style>\n\t<\/div>\n\t\n\n\n\t\t<\/div>\n\t\t\t\t\t<\/div>\n\n\t\n\n\t<div id=\"col-1150067008\" class=\"col medium-3 small-12 large-3\"  >\n\t\t\t\t<div class=\"col-inner\"  >\n\t\t\t\n\t\t\t\n\n\t<div class=\"img has-hover x md-x lg-x y md-y lg-y\" id=\"image_1815950047\">\n\t\t\t\t\t\t\t\t<div class=\"img-inner image-cover dark\" style=\"padding-top:100%;\">\n\t\t\t<img loading=\"lazy\" decoding=\"async\" width=\"249\" height=\"255\" src=\"https:\/\/tricountry.tecsomx.com\/wp-content\/uploads\/2023\/11\/image-3.png\" class=\"attachment-large size-large\" alt=\"\" srcset=\"https:\/\/tricountry.tecsomx.com\/wp-content\/uploads\/2023\/11\/image-3.png 249w, https:\/\/tricountry.tecsomx.com\/wp-content\/uploads\/2023\/11\/image-3-12x12.png 12w\" sizes=\"auto, (max-width: 249px) 100vw, 249px\" \/>\t\t\t\t\t\t\n\t\t\t\t\t<\/div>\n\t\t\t\t\t\t\t\t\n<style>\n#image_1815950047 {\n  width: 100%;\n}\n<\/style>\n\t<\/div>\n\t\n\n\n\t\t<\/div>\n\t\t\t\t\t<\/div>\n\n\t\n\n\t<div id=\"col-331255504\" class=\"col medium-3 small-12 large-3\"  >\n\t\t\t\t<div class=\"col-inner\"  >\n\t\t\t\n\t\t\t\n\n\t<div class=\"img has-hover x md-x lg-x y md-y lg-y\" id=\"image_885000388\">\n\t\t\t\t\t\t\t\t<div class=\"img-inner image-cover dark\" style=\"padding-top:100%;\">\n\t\t\t<img loading=\"lazy\" decoding=\"async\" width=\"1020\" height=\"717\" src=\"https:\/\/tricountry.tecsomx.com\/wp-content\/uploads\/2024\/03\/Website-2-1024x720.jpg\" class=\"attachment-large size-large\" alt=\"\" srcset=\"https:\/\/tricountry.tecsomx.com\/wp-content\/uploads\/2024\/03\/Website-2-1024x720.jpg 1024w, https:\/\/tricountry.tecsomx.com\/wp-content\/uploads\/2024\/03\/Website-2-300x211.jpg 300w, https:\/\/tricountry.tecsomx.com\/wp-content\/uploads\/2024\/03\/Website-2-768x540.jpg 768w, https:\/\/tricountry.tecsomx.com\/wp-content\/uploads\/2024\/03\/Website-2-1536x1080.jpg 1536w, https:\/\/tricountry.tecsomx.com\/wp-content\/uploads\/2024\/03\/Website-2-18x12.jpg 18w, https:\/\/tricountry.tecsomx.com\/wp-content\/uploads\/2024\/03\/Website-2.jpg 2048w\" sizes=\"auto, (max-width: 1020px) 100vw, 1020px\" \/>\t\t\t\t\t\t\n\t\t\t\t\t<\/div>\n\t\t\t\t\t\t\t\t\n<style>\n#image_885000388 {\n  width: 100%;\n}\n<\/style>\n\t<\/div>\n\t\n\n\n\t\t<\/div>\n\t\t\t\t\t<\/div>\n\n\t\n\n\t<div id=\"col-119656305\" class=\"col medium-3 small-12 large-3\"  >\n\t\t\t\t<div class=\"col-inner\"  >\n\t\t\t\n\t\t\t\n\n\t<div class=\"img has-hover x md-x lg-x y md-y lg-y\" id=\"image_389417655\">\n\t\t\t\t\t\t\t\t<div class=\"img-inner image-cover dark\" style=\"padding-top:100%;\">\n\t\t\t<img loading=\"lazy\" decoding=\"async\" width=\"1020\" height=\"765\" src=\"https:\/\/tricountry.tecsomx.com\/wp-content\/uploads\/2024\/03\/Website-1024x768.jpg\" class=\"attachment-large size-large\" alt=\"\" srcset=\"https:\/\/tricountry.tecsomx.com\/wp-content\/uploads\/2024\/03\/Website-1024x768.jpg 1024w, https:\/\/tricountry.tecsomx.com\/wp-content\/uploads\/2024\/03\/Website-300x225.jpg 300w, https:\/\/tricountry.tecsomx.com\/wp-content\/uploads\/2024\/03\/Website-768x576.jpg 768w, https:\/\/tricountry.tecsomx.com\/wp-content\/uploads\/2024\/03\/Website-1536x1152.jpg 1536w, https:\/\/tricountry.tecsomx.com\/wp-content\/uploads\/2024\/03\/Website-16x12.jpg 16w, https:\/\/tricountry.tecsomx.com\/wp-content\/uploads\/2024\/03\/Website.jpg 2048w\" sizes=\"auto, (max-width: 1020px) 100vw, 1020px\" \/>\t\t\t\t\t\t\n\t\t\t\t\t<\/div>\n\t\t\t\t\t\t\t\t\n<style>\n#image_389417655 {\n  width: 100%;\n}\n<\/style>\n\t<\/div>\n\t\n\n\n\t\t<\/div>\n\t\t\t\t\t<\/div>\n\n\t\n\n<\/div>\n\n\t\t<\/div>\n\n\t\t\n<style>\n#section_1614795602 {\n  padding-top: 30px;\n  padding-bottom: 30px;\n}\n<\/style>\n\t<\/section>\n\t\n\t<section class=\"section\" id=\"section_1996568136\">\n\t\t<div class=\"bg section-bg fill bg-fill bg-loaded bg-loaded\" >\n\n\t\t\t\n\t\t\t\n\t\t\t\n\n\t\t<\/div>\n\n\t\t\n\n\t\t<div class=\"section-content relative\">\n\t\t\t\n\n<div class=\"row align-middle\"  id=\"row-887874431\">\n\n\n\t<div id=\"col-1671661385\" class=\"col medium-6 small-12 large-6\"  >\n\t\t\t\t<div class=\"col-inner\"  >\n\t\t\t\n\t\t\t\n\n\t<div class=\"img has-hover x md-x lg-x y md-y lg-y\" id=\"image_497465277\">\n\t\t\t\t\t\t\t\t<div class=\"img-inner dark\" >\n\t\t\t<img loading=\"lazy\" decoding=\"async\" width=\"599\" height=\"618\" src=\"https:\/\/tricountry.tecsomx.com\/wp-content\/uploads\/2023\/11\/Group-427319191.png\" class=\"attachment-original size-original\" alt=\"\" srcset=\"https:\/\/tricountry.tecsomx.com\/wp-content\/uploads\/2023\/11\/Group-427319191.png 599w, https:\/\/tricountry.tecsomx.com\/wp-content\/uploads\/2023\/11\/Group-427319191-291x300.png 291w, https:\/\/tricountry.tecsomx.com\/wp-content\/uploads\/2023\/11\/Group-427319191-12x12.png 12w\" sizes=\"auto, (max-width: 599px) 100vw, 599px\" \/>\t\t\t\t\t\t\n\t\t\t\t\t<\/div>\n\t\t\t\t\t\t\t\t\n<style>\n#image_497465277 {\n  width: 100%;\n}\n<\/style>\n\t<\/div>\n\t\n\n\n\t\t<\/div>\n\t\t\t\t\t<\/div>\n\n\t\n\n\t<div id=\"col-1812247822\" class=\"col medium-6 small-12 large-6\"  >\n\t\t\t\t<div class=\"col-inner\"  >\n\t\t\t\n\t\t\t\n\n<h1 class=\"titBlue\">\u00bfQu\u00e9 beneficios ofrecemos?<\/h1>\n<ul class=\"pBobA\">\n<li>Competitive Salary<\/li>\n<li>Sign on bonus available<\/li>\n<li>Retirement plan with company matching<\/li>\n<li>Tiempo libre remunerado<\/li>\n<li>Health insurance<\/li>\n<li>Vision and dental Insurance<\/li>\n<li>Disability Insurance<\/li>\n<li>Company paid benefits<\/li>\n<li>Life insurance<\/li>\n<li>Telehealth medicine<\/li>\n<li>Tuition assistance available<\/li>\n<\/ul>\n\t<div id=\"stack-539173487\" class=\"stack stack-row justify-center items-center\">\n\t\t\n\n<a href=\"https:\/\/tricountyhealthcare.apscareerportal.com\" class=\"button primary is-small lowercase expand blueBtn\"  style=\"border-radius:10px;\">\n    <span>Complete nuestra solicitud en l\u00ednea<\/span>\n  <\/a>\n\n\n\n\t\t\n<style>\n#stack-539173487 > * {\n  --stack-gap: 0.75rem;\n}\n<\/style>\n\t<\/div>\n\t\n\t<div id=\"gap-1597878547\" class=\"gap-element clearfix\" style=\"display:block; height:auto;\">\n\t\t\n<style>\n#gap-1597878547 {\n  padding-top: 30px;\n}\n<\/style>\n\t<\/div>\n\t\n\n\n\t\t<\/div>\n\t\t\t\t\t<\/div>\n\n\t\n\n<\/div>\n\n\t\t<\/div>\n\n\t\t\n<style>\n#section_1996568136 {\n  padding-top: 30px;\n  padding-bottom: 30px;\n}\n<\/style>\n\t<\/section>","protected":false},"excerpt":{"rendered":"","protected":false},"author":1,"featured_media":0,"parent":0,"menu_order":0,"comment_status":"closed","ping_status":"closed","template":"page-blank.php","meta":{"inline_featured_image":false,"footnotes":""},"class_list":["post-489","page","type-page","status-publish","hentry"],"_links":{"self":[{"href":"https:\/\/tricountry.tecsomx.com\/es\/wp-json\/wp\/v2\/pages\/489","targetHints":{"allow":["GET"]}}],"collection":[{"href":"https:\/\/tricountry.tecsomx.com\/es\/wp-json\/wp\/v2\/pages"}],"about":[{"href":"https:\/\/tricountry.tecsomx.com\/es\/wp-json\/wp\/v2\/types\/page"}],"author":[{"embeddable":true,"href":"https:\/\/tricountry.tecsomx.com\/es\/wp-json\/wp\/v2\/users\/1"}],"replies":[{"embeddable":true,"href":"https:\/\/tricountry.tecsomx.com\/es\/wp-json\/wp\/v2\/comments?post=489"}],"version-history":[{"count":15,"href":"https:\/\/tricountry.tecsomx.com\/es\/wp-json\/wp\/v2\/pages\/489\/revisions"}],"predecessor-version":[{"id":678,"href":"https:\/\/tricountry.tecsomx.com\/es\/wp-json\/wp\/v2\/pages\/489\/revisions\/678"}],"wp:attachment":[{"href":"https:\/\/tricountry.tecsomx.com\/es\/wp-json\/wp\/v2\/media?parent=489"}],"curies":[{"name":"wp","href":"https:\/\/api.w.org\/{rel}","templated":true}]}}