{"id":460,"date":"2023-11-28T17:40:18","date_gmt":"2023-11-28T17:40:18","guid":{"rendered":"https:\/\/tricountry.tecsomx.com\/?page_id=460"},"modified":"2024-06-21T05:40:46","modified_gmt":"2024-06-21T05:40:46","slug":"services","status":"publish","type":"page","link":"https:\/\/tricountry.tecsomx.com\/es\/services\/","title":{"rendered":"Servicios"},"content":{"rendered":"<section class=\"section ak2\" id=\"section_1362605249\">\n\t\t<div class=\"bg section-bg fill bg-fill bg-loaded bg-loaded\" >\n\n\t\t\t\n\t\t\t\n\t\t\t\n\n\t\t<\/div>\n\n\t\t\n\n\t\t<div class=\"section-content relative\">\n\t\t\t\n\n<div class=\"row row-collapse row-full-width\"  id=\"row-271214252\">\n\n\n\t<div id=\"col-1949805021\" class=\"col small-12 large-12\"  >\n\t\t\t\t<div class=\"col-inner\"  >\n\t\t\t\n\t\t\t\n\n\n  <div class=\"banner has-hover has-parallax\" id=\"banner-692672099\">\n          <div class=\"banner-inner fill\">\n        <div class=\"banner-bg fill\" data-parallax=\"-4\" data-parallax-container=\".banner\" data-parallax-background>\n            <div class=\"bg fill bg-fill bg-loaded\"><\/div>\n                                    \n                    <\/div>\n\t\t\n        <div class=\"banner-layers container\">\n            <div class=\"fill banner-link\"><\/div>            \n\n\n        <\/div>\n      <\/div>\n\n            \n<style>\n#banner-692672099 {\n  padding-top: 350px;\n  background-color: rgba(0, 0, 0, 0);\n}\n#banner-692672099 .bg.bg-loaded {\n  background-image: url(https:\/\/tricountry.tecsomx.com\/wp-content\/uploads\/2023\/11\/Rectangle-34624123.png);\n}\n#banner-692672099 .bg {\n  background-position: 0% 17%;\n}\n<\/style>\n  <\/div>\n\n\n\n\t\t<\/div>\n\t\t\t\t\t<\/div>\n\n\t\n\n<\/div>\n\t<div id=\"gap-1772248819\" class=\"gap-element clearfix\" style=\"display:block; height:auto;\">\n\t\t\n<style>\n#gap-1772248819 {\n  padding-top: 30px;\n}\n<\/style>\n\t<\/div>\n\t\n\n<div class=\"row\"  id=\"row-628638479\">\n\n\n\t<div id=\"col-1334675650\" class=\"col small-12 large-12\"  >\n\t\t\t\t<div class=\"col-inner\"  >\n\t\t\t\n\t\t\t\n\n\t<div id=\"gap-1128821423\" class=\"gap-element clearfix\" style=\"display:block; height:auto;\">\n\t\t\n<style>\n#gap-1128821423 {\n  padding-top: 50px;\n}\n<\/style>\n\t<\/div>\n\t\n\n\t<div id=\"text-2333008711\" class=\"text\">\n\t\t\n\n<h1 class=\"titBlue\">Servicios<\/h1>\n\t\t\n<style>\n#text-2333008711 {\n  font-size: 1.5rem;\n  text-align: center;\n}\n<\/style>\n\t<\/div>\n\t\n\t<div id=\"text-2877512215\" class=\"text\">\n\t\t\n\n<p class=\"pBobA\">En Tri-County Healthcare, entendemos la importancia de brindar atenci\u00f3n integral a personas de todas las edades. Es por eso que ofrecemos terapia del habla, ocupacional y f\u00edsica, as\u00ed como servicios privados de enfermer\u00eda para personas desde el nacimiento hasta los 21 a\u00f1os de edad. Tambi\u00e9n ampliamos nuestros servicios privados de enfermer\u00eda a adultos inscritos en el programa de exenci\u00f3n\/relevo. Estamos comprometidos a ayudarlo a usted o a su ser querido a recibir la atenci\u00f3n y el apoyo necesarios para lograr una salud y bienestar \u00f3ptimos.<\/p>\n\t\t\n<style>\n#text-2877512215 {\n  text-align: center;\n}\n<\/style>\n\t<\/div>\n\t\n\t<div id=\"gap-478170495\" class=\"gap-element clearfix\" style=\"display:block; height:auto;\">\n\t\t\n<style>\n#gap-478170495 {\n  padding-top: 30px;\n}\n<\/style>\n\t<\/div>\n\t\n\n<div class=\"row row-small align-equal align-center\"  id=\"row-1183700641\">\n\n\n\t<div id=\"col-549158758\" class=\"col FTCol medium-3 small-12 large-3\"  >\n\t\t\t\t<div class=\"col-inner\"  >\n\t\t\t\n\t\t\t\n\n\n  <div class=\"banner has-hover\" id=\"banner-877255092\">\n          <div class=\"banner-inner fill\">\n        <div class=\"banner-bg fill\" >\n            <div class=\"bg fill bg-fill bg-loaded\"><\/div>\n                                    \n                    <\/div>\n\t\t\n        <div class=\"banner-layers container\">\n            <a class=\"fill\" href=\"\/es\/private-duty-nursing\/\" ><div class=\"fill banner-link\"><\/div><\/a>            \n\n   <div id=\"text-box-990246765\" class=\"text-box banner-layer x50 md-x50 lg-x50 y50 md-y50 lg-y50 res-text\">\n                                <div class=\"text-box-content text dark\">\n              \n              <div class=\"text-inner text-center\">\n                  \n\n\n              <\/div>\n           <\/div>\n                            \n<style>\n#text-box-990246765 {\n  width: 60%;\n}\n#text-box-990246765 .text-box-content {\n  font-size: 100%;\n}\n<\/style>\n    <\/div>\n \n\n        <\/div>\n      <\/div>\n\n            \n<style>\n#banner-877255092 {\n  padding-top: 200px;\n  background-color: rgba(0, 0, 0, 0);\n}\n#banner-877255092 .bg.bg-loaded {\n  background-image: url(https:\/\/tricountry.tecsomx.com\/wp-content\/uploads\/2023\/11\/Frame-31.png);\n}\n<\/style>\n  <\/div>\n\n\n\t<div id=\"gap-564232298\" class=\"gap-element clearfix\" style=\"display:block; height:auto;\">\n\t\t\n<style>\n#gap-564232298 {\n  padding-top: 10px;\n}\n<\/style>\n\t<\/div>\n\t\n\n\t<div id=\"text-909900067\" class=\"text\">\n\t\t\n\n<h4 class=\"blacktitle\">Enfermer\u00eda privada<\/h4>\n\t\t\n<style>\n#text-909900067 {\n  font-size: 0.75rem;\n  text-align: center;\n}\n<\/style>\n\t<\/div>\n\t\n\t<div id=\"gap-1484065769\" class=\"gap-element clearfix\" style=\"display:block; height:auto;\">\n\t\t\n<style>\n#gap-1484065769 {\n  padding-top: 10px;\n}\n<\/style>\n\t<\/div>\n\t\n\n\n\t\t<\/div>\n\t\t\t\t\t<\/div>\n\n\t\n\n\t<div id=\"col-406628035\" class=\"col FTCol medium-3 small-12 large-3\"  >\n\t\t\t\t<div class=\"col-inner\"  >\n\t\t\t\n\t\t\t\n\n\n  <div class=\"banner has-hover\" id=\"banner-389116650\">\n          <div class=\"banner-inner fill\">\n        <div class=\"banner-bg fill\" >\n            <div class=\"bg fill bg-fill bg-loaded\"><\/div>\n                                    \n                    <\/div>\n\t\t\n        <div class=\"banner-layers container\">\n            <a class=\"fill\" href=\"https:\/\/tricountry.tecsomx.com\/es\/services\/occupational-therapy\/\" ><div class=\"fill banner-link\"><\/div><\/a>            \n\n   <div id=\"text-box-2088380957\" class=\"text-box banner-layer x50 md-x50 lg-x50 y50 md-y50 lg-y50 res-text\">\n                                <div class=\"text-box-content text dark\">\n              \n              <div class=\"text-inner text-center\">\n                  \n\n\n              <\/div>\n           <\/div>\n                            \n<style>\n#text-box-2088380957 {\n  width: 60%;\n}\n#text-box-2088380957 .text-box-content {\n  font-size: 100%;\n}\n<\/style>\n    <\/div>\n \n\n        <\/div>\n      <\/div>\n\n            \n<style>\n#banner-389116650 {\n  padding-top: 200px;\n  background-color: rgba(0, 0, 0, 0);\n}\n#banner-389116650 .bg.bg-loaded {\n  background-image: url(https:\/\/tricountry.tecsomx.com\/wp-content\/uploads\/2023\/11\/Frame-31-1.png);\n}\n<\/style>\n  <\/div>\n\n\n\t<div id=\"gap-780053649\" class=\"gap-element clearfix\" style=\"display:block; height:auto;\">\n\t\t\n<style>\n#gap-780053649 {\n  padding-top: 10px;\n}\n<\/style>\n\t<\/div>\n\t\n\n\t<div id=\"text-1552396752\" class=\"text\">\n\t\t\n\n<h4 class=\"blacktitle\">Terapia Ocupacional<\/h4>\n\t\t\n<style>\n#text-1552396752 {\n  font-size: 0.75rem;\n  text-align: center;\n}\n<\/style>\n\t<\/div>\n\t\n\t<div id=\"gap-2057165916\" class=\"gap-element clearfix\" style=\"display:block; height:auto;\">\n\t\t\n<style>\n#gap-2057165916 {\n  padding-top: 10px;\n}\n<\/style>\n\t<\/div>\n\t\n\n\n\t\t<\/div>\n\t\t\t\t\t<\/div>\n\n\t\n\n\t<div id=\"col-1706729288\" class=\"col FTCol medium-3 small-12 large-3\"  >\n\t\t\t\t<div class=\"col-inner\"  >\n\t\t\t\n\t\t\t\n\n\n  <div class=\"banner has-hover\" id=\"banner-1790321778\">\n          <div class=\"banner-inner fill\">\n        <div class=\"banner-bg fill\" >\n            <div class=\"bg fill bg-fill bg-loaded\"><\/div>\n                                    \n                    <\/div>\n\t\t\n        <div class=\"banner-layers container\">\n            <a class=\"fill\" href=\"https:\/\/tricountry.tecsomx.com\/es\/services\/physical-therapy\/\" ><div class=\"fill banner-link\"><\/div><\/a>            \n\n   <div id=\"text-box-927463137\" class=\"text-box banner-layer x50 md-x50 lg-x50 y50 md-y50 lg-y50 res-text\">\n                                <div class=\"text-box-content text dark\">\n              \n              <div class=\"text-inner text-center\">\n                  \n\n\n              <\/div>\n           <\/div>\n                            \n<style>\n#text-box-927463137 {\n  width: 60%;\n}\n#text-box-927463137 .text-box-content {\n  font-size: 100%;\n}\n<\/style>\n    <\/div>\n \n\n        <\/div>\n      <\/div>\n\n            \n<style>\n#banner-1790321778 {\n  padding-top: 200px;\n  background-color: rgba(0, 0, 0, 0);\n}\n#banner-1790321778 .bg.bg-loaded {\n  background-image: url(https:\/\/tricountry.tecsomx.com\/wp-content\/uploads\/2023\/11\/Frame-31-2.png);\n}\n<\/style>\n  <\/div>\n\n\n\t<div id=\"gap-1017558174\" class=\"gap-element clearfix\" style=\"display:block; height:auto;\">\n\t\t\n<style>\n#gap-1017558174 {\n  padding-top: 10px;\n}\n<\/style>\n\t<\/div>\n\t\n\n\t<div id=\"text-3611751269\" class=\"text\">\n\t\t\n\n<h4 class=\"blacktitle\">Terapia f\u00edsica<\/h4>\n\t\t\n<style>\n#text-3611751269 {\n  font-size: 0.75rem;\n  text-align: center;\n}\n<\/style>\n\t<\/div>\n\t\n\t<div id=\"gap-60916909\" class=\"gap-element clearfix\" style=\"display:block; height:auto;\">\n\t\t\n<style>\n#gap-60916909 {\n  padding-top: 10px;\n}\n<\/style>\n\t<\/div>\n\t\n\n\n\t\t<\/div>\n\t\t\t\t\t<\/div>\n\n\t\n\n\t<div id=\"col-1885172226\" class=\"col FTCol medium-3 small-12 large-3\"  >\n\t\t\t\t<div class=\"col-inner\"  >\n\t\t\t\n\t\t\t\n\n\n  <div class=\"banner has-hover\" id=\"banner-2107688019\">\n          <div class=\"banner-inner fill\">\n        <div class=\"banner-bg fill\" >\n            <div class=\"bg fill bg-fill bg-loaded\"><\/div>\n                                    \n                    <\/div>\n\t\t\n        <div class=\"banner-layers container\">\n            <a class=\"fill\" href=\"https:\/\/tricountry.tecsomx.com\/es\/services\/speech-therapy\/\" ><div class=\"fill banner-link\"><\/div><\/a>            \n\n   <div id=\"text-box-1484540717\" class=\"text-box banner-layer x50 md-x50 lg-x50 y50 md-y50 lg-y50 res-text\">\n                                <div class=\"text-box-content text dark\">\n              \n              <div class=\"text-inner text-center\">\n                  \n\n\n              <\/div>\n           <\/div>\n                            \n<style>\n#text-box-1484540717 {\n  width: 60%;\n}\n#text-box-1484540717 .text-box-content {\n  font-size: 100%;\n}\n<\/style>\n    <\/div>\n \n\n        <\/div>\n      <\/div>\n\n            \n<style>\n#banner-2107688019 {\n  padding-top: 200px;\n  background-color: rgba(0, 0, 0, 0);\n}\n#banner-2107688019 .bg.bg-loaded {\n  background-image: url(https:\/\/tricountry.tecsomx.com\/wp-content\/uploads\/2023\/11\/Frame-31-3.png);\n}\n<\/style>\n  <\/div>\n\n\n\t<div id=\"gap-367368797\" class=\"gap-element clearfix\" style=\"display:block; height:auto;\">\n\t\t\n<style>\n#gap-367368797 {\n  padding-top: 10px;\n}\n<\/style>\n\t<\/div>\n\t\n\n\t<div id=\"text-3643963147\" class=\"text\">\n\t\t\n\n<h4 class=\"blacktitle\">Terapia del lenguaje<\/h4>\n\t\t\n<style>\n#text-3643963147 {\n  font-size: 0.75rem;\n  text-align: center;\n}\n<\/style>\n\t<\/div>\n\t\n\t<div id=\"gap-1076902483\" class=\"gap-element clearfix\" style=\"display:block; height:auto;\">\n\t\t\n<style>\n#gap-1076902483 {\n  padding-top: 10px;\n}\n<\/style>\n\t<\/div>\n\t\n\n\n\t\t<\/div>\n\t\t\t\t\t<\/div>\n\n\t\n\n<\/div>\n\t<div id=\"gap-1400095980\" class=\"gap-element clearfix\" style=\"display:block; height:auto;\">\n\t\t\n<style>\n#gap-1400095980 {\n  padding-top: 100px;\n}\n<\/style>\n\t<\/div>\n\t\n\n\n\t\t<\/div>\n\t\t\t\t\t<\/div>\n\n\t\n\n<\/div>\n\n\t\t<\/div>\n\n\t\t\n<style>\n#section_1362605249 {\n  padding-top: 0px;\n  padding-bottom: 0px;\n}\n<\/style>\n\t<\/section>","protected":false},"excerpt":{"rendered":"","protected":false},"author":1,"featured_media":0,"parent":0,"menu_order":0,"comment_status":"closed","ping_status":"closed","template":"page-blank.php","meta":{"inline_featured_image":false,"footnotes":""},"class_list":["post-460","page","type-page","status-publish","hentry"],"_links":{"self":[{"href":"https:\/\/tricountry.tecsomx.com\/es\/wp-json\/wp\/v2\/pages\/460","targetHints":{"allow":["GET"]}}],"collection":[{"href":"https:\/\/tricountry.tecsomx.com\/es\/wp-json\/wp\/v2\/pages"}],"about":[{"href":"https:\/\/tricountry.tecsomx.com\/es\/wp-json\/wp\/v2\/types\/page"}],"author":[{"embeddable":true,"href":"https:\/\/tricountry.tecsomx.com\/es\/wp-json\/wp\/v2\/users\/1"}],"replies":[{"embeddable":true,"href":"https:\/\/tricountry.tecsomx.com\/es\/wp-json\/wp\/v2\/comments?post=460"}],"version-history":[{"count":29,"href":"https:\/\/tricountry.tecsomx.com\/es\/wp-json\/wp\/v2\/pages\/460\/revisions"}],"predecessor-version":[{"id":670,"href":"https:\/\/tricountry.tecsomx.com\/es\/wp-json\/wp\/v2\/pages\/460\/revisions\/670"}],"wp:attachment":[{"href":"https:\/\/tricountry.tecsomx.com\/es\/wp-json\/wp\/v2\/media?parent=460"}],"curies":[{"name":"wp","href":"https:\/\/api.w.org\/{rel}","templated":true}]}}