{"id":407,"date":"2023-11-28T16:02:25","date_gmt":"2023-11-28T16:02:25","guid":{"rendered":"https:\/\/tricountry.tecsomx.com\/?page_id=407"},"modified":"2024-06-21T05:53:22","modified_gmt":"2024-06-21T05:53:22","slug":"about-us","status":"publish","type":"page","link":"https:\/\/tricountry.tecsomx.com\/es\/about-us\/","title":{"rendered":"Nosotros"},"content":{"rendered":"<section class=\"section sectrion2\" id=\"section_551747836\">\n\t\t<div class=\"bg section-bg fill bg-fill bg-loaded\" >\n\n\t\t\t\n\t\t\t\n\t\t\t\n\n\t\t<\/div>\n\n\t\t\n\n\t\t<div class=\"section-content relative\">\n\t\t\t\n\n<div class=\"row\"  id=\"row-657665813\">\n\n\n\t<div id=\"col-245970947\" class=\"col medium-6 small-12 large-6\"  >\n\t\t\t\t<div class=\"col-inner\"  >\n\t\t\t\n\t\t\t\n\n\t<div id=\"text-1347991586\" class=\"text\">\n\t\t\n\n<p class=\"blacktitle\">NOSOTROS<\/p>\n\t\t\n<style>\n#text-1347991586 {\n  font-size: 0.85rem;\n}\n<\/style>\n\t<\/div>\n\t\n\t<div id=\"text-4098795293\" class=\"text\">\n\t\t\n\n<h1 class=\"titBlue\">\u00bfPor qu\u00e9 nosotros?<\/h1>\n\t\t\n<style>\n#text-4098795293 {\n  font-size: 1.4rem;\n  line-height: 0.75;\n}\n<\/style>\n\t<\/div>\n\t\n\t<div id=\"text-1161512809\" class=\"text\">\n\t\t\n\n<p class=\"pBobA\">En Tri-County Healthcare, comprendemos la importancia de brindar esperanza y apoyo constante a los ni\u00f1os y las familias mientras se esfuerzan por un futuro m\u00e1s saludable. Estamos dedicados a estar ah\u00ed para ti en cada paso del camino.<\/p>\n\t\t\n<style>\n#text-1161512809 {\n  font-size: 0.95rem;\n}\n<\/style>\n\t<\/div>\n\t\n\n\t\t<\/div>\n\t\t\t\t\n<style>\n#col-245970947 > .col-inner {\n  padding: 10px 0px 0px 0px;\n}\n@media (min-width:850px) {\n  #col-245970947 > .col-inner {\n    padding: 100px 0px 0px 0px;\n  }\n}\n<\/style>\n\t<\/div>\n\n\t\n\n\t<div id=\"col-2058038399\" class=\"col medium-6 small-12 large-6\"  >\n\t\t\t\t<div class=\"col-inner text-center\"  >\n\t\t\t\n\t\t\t\n\n\t<div class=\"img has-hover x md-x lg-x y md-y lg-y\" id=\"image_992868357\">\n\t\t\t\t\t\t\t\t<div class=\"img-inner dark\" >\n\t\t\t<img loading=\"lazy\" decoding=\"async\" width=\"576\" height=\"576\" src=\"https:\/\/tricountry.tecsomx.com\/wp-content\/uploads\/2023\/11\/Group-427319188.png\" class=\"attachment-original size-original\" alt=\"\" srcset=\"https:\/\/tricountry.tecsomx.com\/wp-content\/uploads\/2023\/11\/Group-427319188.png 576w, https:\/\/tricountry.tecsomx.com\/wp-content\/uploads\/2023\/11\/Group-427319188-300x300.png 300w, https:\/\/tricountry.tecsomx.com\/wp-content\/uploads\/2023\/11\/Group-427319188-150x150.png 150w, https:\/\/tricountry.tecsomx.com\/wp-content\/uploads\/2023\/11\/Group-427319188-12x12.png 12w\" sizes=\"auto, (max-width: 576px) 100vw, 576px\" \/>\t\t\t\t\t\t\n\t\t\t\t\t<\/div>\n\t\t\t\t\t\t\t\t\n<style>\n#image_992868357 {\n  width: 100%;\n}\n@media (min-width:850px) {\n  #image_992868357 {\n    width: 100%;\n  }\n}\n<\/style>\n\t<\/div>\n\t\n\n\n\t\t<\/div>\n\t\t\t\t\t<\/div>\n\n\t\n\n<\/div>\n\n\t\t<\/div>\n\n\t\t\n<style>\n#section_551747836 {\n  padding-top: 30px;\n  padding-bottom: 30px;\n}\n#section_551747836 .section-bg.bg-loaded {\n  background-image: url(https:\/\/tricountry.tecsomx.com\/wp-content\/uploads\/2023\/07\/back1-1.svg);\n}\n#section_551747836 .section-bg {\n  background-position: 100% 100%;\n}\n<\/style>\n\t<\/section>\n\t\n\t<section class=\"section\" id=\"section_964800261\">\n\t\t<div class=\"bg section-bg fill bg-fill bg-loaded bg-loaded\" >\n\n\t\t\t\n\t\t\t\n\t\t\t\n\n\t\t<\/div>\n\n\t\t\n\n\t\t<div class=\"section-content relative\">\n\t\t\t\n\n<div class=\"row align-middle\"  id=\"row-1629407024\">\n\n\n\t<div id=\"col-1229284487\" class=\"col medium-6 small-12 large-6\"  >\n\t\t\t\t<div class=\"col-inner text-center\"  >\n\t\t\t\n\t\t\t\n\n\t<div class=\"img has-hover x md-x lg-x y md-y lg-y\" id=\"image_894700010\">\n\t\t\t\t\t\t\t\t<div class=\"img-inner dark\" >\n\t\t\t<img loading=\"lazy\" decoding=\"async\" width=\"576\" height=\"576\" src=\"https:\/\/tricountry.tecsomx.com\/wp-content\/uploads\/2023\/11\/Image-Placeholder.png\" class=\"attachment-large size-large\" alt=\"\" srcset=\"https:\/\/tricountry.tecsomx.com\/wp-content\/uploads\/2023\/11\/Image-Placeholder.png 576w, https:\/\/tricountry.tecsomx.com\/wp-content\/uploads\/2023\/11\/Image-Placeholder-300x300.png 300w, https:\/\/tricountry.tecsomx.com\/wp-content\/uploads\/2023\/11\/Image-Placeholder-150x150.png 150w, https:\/\/tricountry.tecsomx.com\/wp-content\/uploads\/2023\/11\/Image-Placeholder-12x12.png 12w\" sizes=\"auto, (max-width: 576px) 100vw, 576px\" \/>\t\t\t\t\t\t\n\t\t\t\t\t<\/div>\n\t\t\t\t\t\t\t\t\n<style>\n#image_894700010 {\n  width: 100%;\n}\n<\/style>\n\t<\/div>\n\t\n\n\n\t\t<\/div>\n\t\t\t\t\n<style>\n#col-1229284487 > .col-inner {\n  margin: 0px 0px -50px 0px;\n}\n<\/style>\n\t<\/div>\n\n\t\n\n\t<div id=\"col-1931775724\" class=\"col medium-6 small-12 large-6\"  >\n\t\t\t\t<div class=\"col-inner text-center\"  >\n\t\t\t\n\t\t\t\n\n\t<div id=\"text-2361727514\" class=\"text\">\n\t\t\n\n<h5 class=\"btUs\">NOSOTROS<\/h><\/p>\n\t\t\n<style>\n#text-2361727514 {\n  font-size: 0.75rem;\n  line-height: 1.8;\n  text-align: left;\n}\n<\/style>\n\t<\/div>\n\t\n\t<div id=\"gap-2072630309\" class=\"gap-element clearfix\" style=\"display:block; height:auto;\">\n\t\t\n<style>\n#gap-2072630309 {\n  padding-top: 20px;\n}\n<\/style>\n\t<\/div>\n\t\n\n\t<div id=\"text-2376748221\" class=\"text textbox\">\n\t\t\n\n<p class=\"spanTW\">Nuestra Visi\u00f3n<\/p>\n\t\t\n<style>\n#text-2376748221 {\n  font-size: 2.05rem;\n  line-height: 0.75;\n  text-align: left;\n}\n<\/style>\n\t<\/div>\n\t\n\t<div id=\"text-2397000814\" class=\"text\">\n\t\t\n\n<p class=\"pBobA\">Nuestra visi\u00f3n es crear un mundo en el que el camino de cada ni\u00f1o hacia la salud est\u00e9 guiado por una compasi\u00f3n inquebrantable y una excelencia en los servicios pedi\u00e1tricos de salud en el hogar. Visualizamos un futuro en el que los ni\u00f1os y sus familias encuentren consuelo, fortaleza y felicidad a trav\u00e9s de nuestra dedicada atenci\u00f3n, capacit\u00e1ndolos para abrazar las posibilidades de la vida.<\/p>\n\t\t\n<style>\n#text-2397000814 {\n  font-size: 0.95rem;\n  text-align: left;\n}\n<\/style>\n\t<\/div>\n\t\n\n\t\t<\/div>\n\t\t\t\t\t<\/div>\n\n\t\n\n<\/div>\n\n\t\t<\/div>\n\n\t\t\n<style>\n#section_964800261 {\n  padding-top: 30px;\n  padding-bottom: 30px;\n  background-color: rgb(255, 233, 121);\n}\n<\/style>\n\t<\/section>\n\t\n\t<section class=\"section sectrion3\" id=\"section_1646662127\">\n\t\t<div class=\"bg section-bg fill bg-fill bg-loaded\" >\n\n\t\t\t\n\t\t\t\n\t\t\t\n\n\t\t<\/div>\n\n\t\t\n\n\t\t<div class=\"section-content relative\">\n\t\t\t\n\n<div class=\"row\"  id=\"row-292175065\">\n\n\n\t<div id=\"col-703524380\" class=\"col small-12 large-12\"  >\n\t\t\t\t<div class=\"col-inner\"  >\n\t\t\t\n\t\t\t\n\n\t<div id=\"text-3613971555\" class=\"text\">\n\t\t\n\n<h1 class=\"titH1\">Nuestros Valores<\/h1>\n\t\t\n<style>\n#text-3613971555 {\n  font-size: 1.3rem;\n  text-align: center;\n}\n<\/style>\n\t<\/div>\n\t\n\n\t\t<\/div>\n\t\t\t\t\n<style>\n#col-703524380 > .col-inner {\n  padding: 70px 0px 0px 0px;\n}\n<\/style>\n\t<\/div>\n\n\t\n\n<\/div>\n<div class=\"row row-large align-equal align-center\"  id=\"row-1873252645\">\n\n\n\t<div id=\"col-1364822580\" class=\"col FSect5BorderG medium-4 small-12 large-4\"  >\n\t\t\t\t<div class=\"col-inner text-center\"  >\n\t\t\t\n\t\t\t\n\n\t<div class=\"img has-hover x md-x lg-x y md-y lg-y\" id=\"image_690413820\">\n\t\t\t\t\t\t\t\t<div class=\"img-inner dark\" >\n\t\t\t<img loading=\"lazy\" decoding=\"async\" width=\"922\" height=\"1024\" src=\"https:\/\/tricountry.tecsomx.com\/wp-content\/uploads\/2024\/04\/Vector.svg\" class=\"attachment-large size-large\" alt=\"\" \/>\t\t\t\t\t\t\n\t\t\t\t\t<\/div>\n\t\t\t\t\t\t\t\t\n<style>\n#image_690413820 {\n  width: 22%;\n}\n<\/style>\n\t<\/div>\n\t\n\n\t<div id=\"text-1372578346\" class=\"text\">\n\t\t\n\n<h2>Compasi\u00f3n<\/h2>\n\t\t\n<style>\n#text-1372578346 {\n  font-size: 0.9rem;\n  text-align: center;\n}\n<\/style>\n\t<\/div>\n\t\n\t<div id=\"text-825593958\" class=\"text\">\n\t\t\n\n<p class=\"pBobA\">Brindamos un entorno lleno de cuidado y apoyo para los ni\u00f1os y las familias que lo necesitan. La compasi\u00f3n es el coraz\u00f3n de nuestro enfoque de sanaci\u00f3n.<\/p>\n\t\t\n<style>\n#text-825593958 {\n  font-size: 0.9rem;\n  text-align: center;\n}\n<\/style>\n\t<\/div>\n\t\n\n\t\t<\/div>\n\t\t\t\t\n<style>\n#col-1364822580 > .col-inner {\n  padding: 20px 20px 10px 20px;\n}\n<\/style>\n\t<\/div>\n\n\t\n\n\t<div id=\"col-67193844\" class=\"col FSect5BorderG medium-4 small-12 large-4\"  >\n\t\t\t\t<div class=\"col-inner text-center\"  >\n\t\t\t\n\t\t\t\n\n\t<div class=\"img has-hover x md-x lg-x y md-y lg-y\" id=\"image_1958114803\">\n\t\t\t\t\t\t\t\t<div class=\"img-inner dark\" >\n\t\t\t<img loading=\"lazy\" decoding=\"async\" width=\"1020\" height=\"1020\" src=\"https:\/\/tricountry.tecsomx.com\/wp-content\/uploads\/2024\/04\/Frame-427319350.svg\" class=\"attachment-large size-large\" alt=\"\" \/>\t\t\t\t\t\t\n\t\t\t\t\t<\/div>\n\t\t\t\t\t\t\t\t\n<style>\n#image_1958114803 {\n  width: 22%;\n}\n<\/style>\n\t<\/div>\n\t\n\n\t<div id=\"text-814826332\" class=\"text\">\n\t\t\n\n<h2>Excelencia<\/h2>\n\t\t\n<style>\n#text-814826332 {\n  font-size: 0.9rem;\n  text-align: center;\n}\n<\/style>\n\t<\/div>\n\t\n\t<div id=\"text-3103548844\" class=\"text\">\n\t\t\n\n<p class=\"pBobA\">Ofrecemos servicios de salud pedi\u00e1trica en el hogar de primera categor\u00eda con las pr\u00e1cticas m\u00e9dicas m\u00e1s avanzadas para garantizar un cuidado superior y resultados positivos para nuestros j\u00f3venes pacientes.<\/p>\n\t\t\n<style>\n#text-3103548844 {\n  font-size: 0.9rem;\n  text-align: center;\n}\n<\/style>\n\t<\/div>\n\t\n\n\t\t<\/div>\n\t\t\t\t\n<style>\n#col-67193844 > .col-inner {\n  padding: 20px 20px 10px 20px;\n}\n<\/style>\n\t<\/div>\n\n\t\n\n\t<div id=\"col-689305634\" class=\"col FSect5BorderG medium-4 small-12 large-4\"  >\n\t\t\t\t<div class=\"col-inner text-center\"  >\n\t\t\t\n\t\t\t\n\n\t<div class=\"img has-hover x md-x lg-x y md-y lg-y\" id=\"image_410760916\">\n\t\t\t\t\t\t\t\t<div class=\"img-inner dark\" >\n\t\t\t<img loading=\"lazy\" decoding=\"async\" width=\"1020\" height=\"1020\" src=\"https:\/\/tricountry.tecsomx.com\/wp-content\/uploads\/2024\/04\/Frame-427319350-1.svg\" class=\"attachment-large size-large\" alt=\"\" \/>\t\t\t\t\t\t\n\t\t\t\t\t<\/div>\n\t\t\t\t\t\t\t\t\n<style>\n#image_410760916 {\n  width: 22%;\n}\n<\/style>\n\t<\/div>\n\t\n\n\t<div id=\"text-2065955186\" class=\"text\">\n\t\t\n\n<h2>Colaboraci\u00f3n<\/h2>\n\t\t\n<style>\n#text-2065955186 {\n  font-size: 0.9rem;\n  text-align: center;\n}\n<\/style>\n\t<\/div>\n\t\n\t<div id=\"text-4161810523\" class=\"text\">\n\t\t\n\n<p class=\"pBobA\">Nos asociamos con familias, cuidadores, profesionales de la salud y organizaciones comunitarias para respaldar las necesidades \u00fanicas de cada ni\u00f1o y fomentar un crecimiento colectivo.<\/p>\n\t\t\n<style>\n#text-4161810523 {\n  font-size: 0.9rem;\n  text-align: center;\n}\n<\/style>\n\t<\/div>\n\t\n\n\t\t<\/div>\n\t\t\t\t\n<style>\n#col-689305634 > .col-inner {\n  padding: 20px 20px 10px 20px;\n}\n<\/style>\n\t<\/div>\n\n\t\n\n\t<div id=\"col-2120902841\" class=\"col FSect5BorderG medium-4 small-12 large-4\"  >\n\t\t\t\t<div class=\"col-inner text-center\"  >\n\t\t\t\n\t\t\t\n\n\t<div class=\"img has-hover x md-x lg-x y md-y lg-y\" id=\"image_1509556051\">\n\t\t\t\t\t\t\t\t<div class=\"img-inner dark\" >\n\t\t\t<img loading=\"lazy\" decoding=\"async\" width=\"1020\" height=\"1020\" src=\"https:\/\/tricountry.tecsomx.com\/wp-content\/uploads\/2023\/11\/Frame-427319349.svg\" class=\"attachment-large size-large\" alt=\"\" \/>\t\t\t\t\t\t\n\t\t\t\t\t<\/div>\n\t\t\t\t\t\t\t\t\n<style>\n#image_1509556051 {\n  width: 22%;\n}\n<\/style>\n\t<\/div>\n\t\n\n\t<div id=\"text-3907678971\" class=\"text\">\n\t\t\n\n<h2>Apoyo<\/h2>\n\t\t\n<style>\n#text-3907678971 {\n  font-size: 0.9rem;\n  text-align: center;\n}\n<\/style>\n\t<\/div>\n\t\n\t<div id=\"text-4073786275\" class=\"text\">\n\t\t\n\n<p class=\"pBobA\">Abogamos por el bienestar de los ni\u00f1os, sus derechos y su acceso a servicios de atenci\u00f3n m\u00e9dica y apoyo. Nuestro objetivo es crear un mundo m\u00e1s inclusivo para que cada ni\u00f1o pueda prosperar.<\/p>\n\t\t\n<style>\n#text-4073786275 {\n  font-size: 0.9rem;\n  text-align: center;\n}\n<\/style>\n\t<\/div>\n\t\n\n\t\t<\/div>\n\t\t\t\t\n<style>\n#col-2120902841 > .col-inner {\n  padding: 20px 20px 10px 20px;\n}\n<\/style>\n\t<\/div>\n\n\t\n\n\t<div id=\"col-378413096\" class=\"col FSect5BorderG medium-4 small-12 large-4\"  >\n\t\t\t\t<div class=\"col-inner text-center\"  >\n\t\t\t\n\t\t\t\n\n\t<div class=\"img has-hover x md-x lg-x y md-y lg-y\" id=\"image_68133969\">\n\t\t\t\t\t\t\t\t<div class=\"img-inner dark\" >\n\t\t\t<img loading=\"lazy\" decoding=\"async\" width=\"1020\" height=\"1020\" src=\"https:\/\/tricountry.tecsomx.com\/wp-content\/uploads\/2024\/04\/Frame-427319348-1.svg\" class=\"attachment-large size-large\" alt=\"\" \/>\t\t\t\t\t\t\n\t\t\t\t\t<\/div>\n\t\t\t\t\t\t\t\t\n<style>\n#image_68133969 {\n  width: 22%;\n}\n<\/style>\n\t<\/div>\n\t\n\n\t<div id=\"text-2669071701\" class=\"text\">\n\t\t\n\n<h2>Integridad<\/h2>\n\t\t\n<style>\n#text-2669071701 {\n  font-size: 0.9rem;\n  text-align: center;\n}\n<\/style>\n\t<\/div>\n\t\n\t<div id=\"text-1630310066\" class=\"text\">\n\t\t\n\n<p class=\"pBobA\">Priorizamos la honestidad, la transparencia y el respeto en todos los aspectos de nuestro trabajo para crear un entorno seguro y confiable para todas las personas a las que servimos.<\/p>\n\t\t\n<style>\n#text-1630310066 {\n  font-size: 0.9rem;\n  text-align: center;\n}\n<\/style>\n\t<\/div>\n\t\n\n\t\t<\/div>\n\t\t\t\t\n<style>\n#col-378413096 > .col-inner {\n  padding: 20px 20px 10px 20px;\n}\n<\/style>\n\t<\/div>\n\n\t\n\n<\/div>\n\n\t\t<\/div>\n\n\t\t\n<style>\n#section_1646662127 {\n  padding-top: 30px;\n  padding-bottom: 30px;\n}\n#section_1646662127 .section-bg.bg-loaded {\n  background-image: url(https:\/\/tricountry.tecsomx.com\/wp-content\/uploads\/2023\/11\/Wireframe-5-1.svg);\n}\n#section_1646662127 .section-bg {\n  background-position: 50% 50%;\n}\n<\/style>\n\t<\/section>\n\t\n\t<section class=\"section\" id=\"section_1455353352\">\n\t\t<div class=\"bg section-bg fill bg-fill bg-loaded bg-loaded\" >\n\n\t\t\t\n\t\t\t\n\t\t\t\n\n\t\t<\/div>\n\n\t\t\n\n\t\t<div class=\"section-content relative\">\n\t\t\t\n\n<div class=\"row align-middle\"  id=\"row-38602064\">\n\n\n\t<div id=\"col-1252516586\" class=\"col small-12 large-12\"  >\n\t\t\t\t<div class=\"col-inner\"  >\n\t\t\t\n\t\t\t\n\n\t<div id=\"gap-1553292882\" class=\"gap-element clearfix\" style=\"display:block; height:auto;\">\n\t\t\n<style>\n#gap-1553292882 {\n  padding-top: 30px;\n}\n<\/style>\n\t<\/div>\n\t\n\n\t<div id=\"text-1765261836\" class=\"text\">\n\t\t\n\n<h1 class=\"titH1\">Hemos sido seleccionados como los mejores del <\/br>La mejor atenci\u00f3n m\u00e9dica domiciliaria<\/h1>\n\t\t\n<style>\n#text-1765261836 {\n  text-align: center;\n}\n<\/style>\n\t<\/div>\n\t\n\n\t\t<\/div>\n\t\t\t\t\t<\/div>\n\n\t\n\n\t<div id=\"col-1838829362\" class=\"col medium-6 small-12 large-6\"  >\n\t\t\t\t<div class=\"col-inner text-center\"  >\n\t\t\t\n\t\t\t\n\n\t<div id=\"gap-1267025185\" class=\"gap-element clearfix\" style=\"display:block; height:auto;\">\n\t\t\n<style>\n#gap-1267025185 {\n  padding-top: 20px;\n}\n<\/style>\n\t<\/div>\n\t\n\n\t<div id=\"text-444432732\" class=\"text\">\n\t\t\n\n<ul class=\"pBobA\">\n<li >Best Home Health Care<\/li>\n<li>Mejor rehabilitaci\u00f3n pedi\u00e1trica<\/li>\n<li>Harigovindan V. Nampoothiri al mejor terapeuta f\u00edsico<\/li>\n<li>Rebekah Shawhan a la mejor terapeuta ocupacional<\/li>\n<li>D'Yanira Arispe, RN a Mejor Enfermera<\/li>\n<\/ul>\n\t\t\n<style>\n#text-444432732 {\n  font-size: 0.95rem;\n  text-align: left;\n}\n<\/style>\n\t<\/div>\n\t\n\n\t\t<\/div>\n\t\t\t\t\t<\/div>\n\n\t\n\n\t<div id=\"col-1882447190\" class=\"col medium-6 small-12 large-6\"  >\n\t\t\t\t<div class=\"col-inner text-center\"  >\n\t\t\t\n\t\t\t\n\n\t<div class=\"img has-hover x md-x lg-x y md-y lg-y\" id=\"image_1711678196\">\n\t\t\t\t\t\t\t\t<div class=\"img-inner dark\" >\n\t\t\t<img loading=\"lazy\" decoding=\"async\" width=\"499\" height=\"336\" src=\"https:\/\/tricountry.tecsomx.com\/wp-content\/uploads\/2023\/11\/Frame-427319361.png\" class=\"attachment-large size-large\" alt=\"\" srcset=\"https:\/\/tricountry.tecsomx.com\/wp-content\/uploads\/2023\/11\/Frame-427319361.png 499w, https:\/\/tricountry.tecsomx.com\/wp-content\/uploads\/2023\/11\/Frame-427319361-300x202.png 300w, https:\/\/tricountry.tecsomx.com\/wp-content\/uploads\/2023\/11\/Frame-427319361-18x12.png 18w\" sizes=\"auto, (max-width: 499px) 100vw, 499px\" \/>\t\t\t\t\t\t\n\t\t\t\t\t<\/div>\n\t\t\t\t\t\t\t\t\n<style>\n#image_1711678196 {\n  width: 100%;\n}\n<\/style>\n\t<\/div>\n\t\n\n\n\t\t<\/div>\n\t\t\t\t\n<style>\n#col-1882447190 > .col-inner {\n  margin: 0px 0px -50px 0px;\n}\n<\/style>\n\t<\/div>\n\n\t\n\n<\/div>\n\t<div id=\"gap-868447837\" class=\"gap-element clearfix\" style=\"display:block; height:auto;\">\n\t\t\n<style>\n#gap-868447837 {\n  padding-top: 30px;\n}\n<\/style>\n\t<\/div>\n\t\n\n\n\t\t<\/div>\n\n\t\t\n<style>\n#section_1455353352 {\n  padding-top: 30px;\n  padding-bottom: 30px;\n  background-color: rgb(255, 255, 255);\n}\n<\/style>\n\t<\/section>","protected":false},"excerpt":{"rendered":"","protected":false},"author":1,"featured_media":0,"parent":0,"menu_order":0,"comment_status":"closed","ping_status":"closed","template":"page-blank.php","meta":{"inline_featured_image":false,"footnotes":""},"class_list":["post-407","page","type-page","status-publish","hentry"],"_links":{"self":[{"href":"https:\/\/tricountry.tecsomx.com\/es\/wp-json\/wp\/v2\/pages\/407","targetHints":{"allow":["GET"]}}],"collection":[{"href":"https:\/\/tricountry.tecsomx.com\/es\/wp-json\/wp\/v2\/pages"}],"about":[{"href":"https:\/\/tricountry.tecsomx.com\/es\/wp-json\/wp\/v2\/types\/page"}],"author":[{"embeddable":true,"href":"https:\/\/tricountry.tecsomx.com\/es\/wp-json\/wp\/v2\/users\/1"}],"replies":[{"embeddable":true,"href":"https:\/\/tricountry.tecsomx.com\/es\/wp-json\/wp\/v2\/comments?post=407"}],"version-history":[{"count":53,"href":"https:\/\/tricountry.tecsomx.com\/es\/wp-json\/wp\/v2\/pages\/407\/revisions"}],"predecessor-version":[{"id":687,"href":"https:\/\/tricountry.tecsomx.com\/es\/wp-json\/wp\/v2\/pages\/407\/revisions\/687"}],"wp:attachment":[{"href":"https:\/\/tricountry.tecsomx.com\/es\/wp-json\/wp\/v2\/media?parent=407"}],"curies":[{"name":"wp","href":"https:\/\/api.w.org\/{rel}","templated":true}]}}